{"id":3856,"date":"2016-04-14T09:39:40","date_gmt":"2016-04-14T07:39:40","guid":{"rendered":"https:\/\/hre.es\/didactica\/oleo-hidraulica\/"},"modified":"2024-06-17T15:38:04","modified_gmt":"2024-06-17T13:38:04","slug":"didactic-equipment-for-oil-hydraulic-systems","status":"publish","type":"page","link":"https:\/\/hre.es\/didactica\/en\/didactic-equipment\/didactic-equipment-for-oil-hydraulic-systems\/","title":{"rendered":"Didactic equipment for oil hydraulic systems"},"content":{"rendered":"<div class=\"wpb-content-wrapper\"><p>[vc_row equal_height=&#8221;yes&#8221;][vc_column css=&#8221;.vc_custom_1460641256688{margin-right: 0px !important;padding-right: 0px !important;}&#8221;][vc_single_image image=&#8221;3508&#8243; img_size=&#8221;full&#8221;][vc_column_text]This technology is becoming more and more widely used in all areas of industrial and mobile automation, especially after the integration of electronic control and regulation systems for the development of Proportional Hydraulics and Hydraulic Servo Systems applications.<\/p>\n<p>Training is necessary for all specialities related to maintenance, mechanical manufacturing, mechatronics, automatisms, automotive, mobile, public works machinery, regulation and control, engineering, etc.[\/vc_column_text][vc_row_inner][vc_column_inner]<div class=\"mgt-button-wrapper mgt-button-wrapper-align-left mgt-button-wrapper-display-inline mgt-button-top-margin-disable\"><a class=\"btn hvr-icon-wobble-horizontal mgt-button mgt-style-solid mgt-size-normal mgt-align-left mgt-display-inline mgt-text-size-normal mgt-button-icon-position-left mgt-text-transform-uppercase  wpb_animate_when_almost_visible wpb_appear\" href=\"https:\/\/hre.es\/didactica\/cat\/Hydraulics-NG06-06-24.pdf\" target=\"_blank\"><i class=\"fa fa-file-pdf-o\"><\/i>See specific catalogue<\/a><\/div><div class=\"mgt-button-wrapper mgt-button-wrapper-align-left mgt-button-wrapper-display-inline mgt-button-top-margin-disable\"><a class=\"btn hvr-icon-wobble-horizontal mgt-button mgt-style-borderedblack mgt-size-normal mgt-align-left mgt-display-inline mgt-text-size-normal mgt-button-icon-position-right mgt-text-transform-uppercase  wpb_animate_when_almost_visible wpb_appear\" href=\"https:\/\/hre.es\/didactica\/en\/contact-and-location\/\">Request offer<i class=\"fa fa-fas fa-info\"><\/i><\/a><\/div>[\/vc_column_inner][\/vc_row_inner][\/vc_column][\/vc_row][vc_row css=&#8221;.vc_custom_1526640054236{padding-top: 0px !important;padding-bottom: 0px !important;}&#8221;][vc_column][vc_empty_space][vc_separator style=&#8221;dotted&#8221; border_width=&#8221;3&#8243; css=&#8221;.vc_custom_1526639591890{margin-bottom: -20px !important;}&#8221;]<div class=\"mgt-cta-block clearfix black-text with-text wpb_content_element\" data-style=\"background-color: ;\"><div class=\"mgt-button-wrapper mgt-button-wrapper-align-right mgt-button-wrapper-display-newline mgt-button-top-margin-disable\"><a class=\"btn hvr-default mgt-button mgt-style-solid mgt-size-normal mgt-align-right mgt-display-newline mgt-text-size-normal mgt-button-icon-position-left mgt-text-transform-uppercase \" href=\"https:\/\/hre.es\/didactica\/en\/contact-and-location\/\">Contact HRE<\/a><\/div><h5 class=\"mgt-cta-block-header\">Contact us<\/h5><div class=\"mgt-cta-block-content\">Please don&#8217;t hesitate to contact us for further information<\/div><\/div>[vc_separator style=&#8221;dotted&#8221; border_width=&#8221;3&#8243; css=&#8221;.vc_custom_1526639563757{margin-top: -20px !important;}&#8221;][\/vc_column][\/vc_row]<\/p>\n<\/div>","protected":false},"excerpt":{"rendered":"<p>[vc_row equal_height=&#8221;yes&#8221;][vc_column css=&#8221;.vc_custom_1460641256688{margin-right: 0px !important;padding-right: 0px !important;}&#8221;][vc_single_image image=&#8221;3508&#8243; img_size=&#8221;full&#8221;][vc_column_text]This technology is becoming more and more widely used in all areas of industrial and mobile automation, especially after the integration of&#8230;<\/p>\n","protected":false},"author":1,"featured_media":0,"parent":3992,"menu_order":1,"comment_status":"closed","ping_status":"closed","template":"","meta":{"footnotes":""},"class_list":["post-3856","page","type-page","status-publish","hentry"],"yoast_head":"<!-- This site is optimized with the Yoast SEO plugin v27.4 - https:\/\/yoast.com\/product\/yoast-seo-wordpress\/ -->\n<title>Tecnolog\u00eda Oleo-Hidr\u00e1ulica para mec\u00e1nica, mecatr\u00f3nica, automatismos...<\/title>\n<meta name=\"description\" content=\"La tecnolog\u00eda oleo-hidr\u00e1ulica se utiliza cada vez m\u00e1s en los sectores de la automatizaci\u00f3n industrial y m\u00f3vil, fabricaci\u00f3n mec\u00e1nica, mecatr\u00f3nica y ensayos.\" \/>\n<meta name=\"robots\" content=\"index, follow, max-snippet:-1, max-image-preview:large, max-video-preview:-1\" \/>\n<link rel=\"canonical\" href=\"https:\/\/hre.es\/didactica\/en\/didactic-equipment\/didactic-equipment-for-oil-hydraulic-systems\/\" \/>\n<meta property=\"og:locale\" content=\"en_US\" \/>\n<meta property=\"og:type\" content=\"article\" \/>\n<meta property=\"og:title\" content=\"Tecnolog\u00eda Oleo-Hidr\u00e1ulica para mec\u00e1nica, mecatr\u00f3nica, automatismos...\" \/>\n<meta property=\"og:description\" content=\"La tecnolog\u00eda oleo-hidr\u00e1ulica se utiliza cada vez m\u00e1s en los sectores de la automatizaci\u00f3n industrial y m\u00f3vil, fabricaci\u00f3n mec\u00e1nica, mecatr\u00f3nica y ensayos.\" \/>\n<meta property=\"og:url\" content=\"https:\/\/hre.es\/didactica\/en\/didactic-equipment\/didactic-equipment-for-oil-hydraulic-systems\/\" \/>\n<meta property=\"og:site_name\" content=\"The HRE Didactic division\" \/>\n<meta property=\"article:modified_time\" content=\"2024-06-17T13:38:04+00:00\" \/>\n<meta name=\"twitter:card\" content=\"summary_large_image\" \/>\n<meta name=\"twitter:label1\" content=\"Est. reading time\" \/>\n\t<meta name=\"twitter:data1\" content=\"1 minute\" \/>\n<script type=\"application\/ld+json\" class=\"yoast-schema-graph\">{\"@context\":\"https:\\\/\\\/schema.org\",\"@graph\":[{\"@type\":\"WebPage\",\"@id\":\"https:\\\/\\\/hre.es\\\/didactica\\\/en\\\/didactic-equipment\\\/didactic-equipment-for-oil-hydraulic-systems\\\/\",\"url\":\"https:\\\/\\\/hre.es\\\/didactica\\\/en\\\/didactic-equipment\\\/didactic-equipment-for-oil-hydraulic-systems\\\/\",\"name\":\"Tecnolog\u00eda Oleo-Hidr\u00e1ulica para mec\u00e1nica, mecatr\u00f3nica, automatismos...\",\"isPartOf\":{\"@id\":\"https:\\\/\\\/hre.es\\\/didactica\\\/#website\"},\"datePublished\":\"2016-04-14T07:39:40+00:00\",\"dateModified\":\"2024-06-17T13:38:04+00:00\",\"description\":\"La tecnolog\u00eda oleo-hidr\u00e1ulica se utiliza cada vez m\u00e1s en los sectores de la automatizaci\u00f3n industrial y m\u00f3vil, fabricaci\u00f3n mec\u00e1nica, mecatr\u00f3nica y ensayos.\",\"breadcrumb\":{\"@id\":\"https:\\\/\\\/hre.es\\\/didactica\\\/en\\\/didactic-equipment\\\/didactic-equipment-for-oil-hydraulic-systems\\\/#breadcrumb\"},\"inLanguage\":\"en-US\",\"potentialAction\":[{\"@type\":\"ReadAction\",\"target\":[\"https:\\\/\\\/hre.es\\\/didactica\\\/en\\\/didactic-equipment\\\/didactic-equipment-for-oil-hydraulic-systems\\\/\"]}]},{\"@type\":\"BreadcrumbList\",\"@id\":\"https:\\\/\\\/hre.es\\\/didactica\\\/en\\\/didactic-equipment\\\/didactic-equipment-for-oil-hydraulic-systems\\\/#breadcrumb\",\"itemListElement\":[{\"@type\":\"ListItem\",\"position\":1,\"name\":\"Portada\",\"item\":\"https:\\\/\\\/hre.es\\\/didactica\\\/en\\\/\"},{\"@type\":\"ListItem\",\"position\":2,\"name\":\"Didactic equipment\",\"item\":\"https:\\\/\\\/hre.es\\\/didactica\\\/en\\\/didactic-equipment\\\/\"},{\"@type\":\"ListItem\",\"position\":3,\"name\":\"Didactic equipment for oil hydraulic systems\"}]},{\"@type\":\"WebSite\",\"@id\":\"https:\\\/\\\/hre.es\\\/didactica\\\/#website\",\"url\":\"https:\\\/\\\/hre.es\\\/didactica\\\/\",\"name\":\"The HRE Didactic division\",\"description\":\"Transmisi\u00f3n de conocimientos adquiridos durante a\u00f1os en el sector Industrial\",\"potentialAction\":[{\"@type\":\"SearchAction\",\"target\":{\"@type\":\"EntryPoint\",\"urlTemplate\":\"https:\\\/\\\/hre.es\\\/didactica\\\/?s={search_term_string}\"},\"query-input\":{\"@type\":\"PropertyValueSpecification\",\"valueRequired\":true,\"valueName\":\"search_term_string\"}}],\"inLanguage\":\"en-US\"}]}<\/script>\n<!-- \/ Yoast SEO plugin. -->","yoast_head_json":{"title":"Tecnolog\u00eda Oleo-Hidr\u00e1ulica para mec\u00e1nica, mecatr\u00f3nica, automatismos...","description":"La tecnolog\u00eda oleo-hidr\u00e1ulica se utiliza cada vez m\u00e1s en los sectores de la automatizaci\u00f3n industrial y m\u00f3vil, fabricaci\u00f3n mec\u00e1nica, mecatr\u00f3nica y ensayos.","robots":{"index":"index","follow":"follow","max-snippet":"max-snippet:-1","max-image-preview":"max-image-preview:large","max-video-preview":"max-video-preview:-1"},"canonical":"https:\/\/hre.es\/didactica\/en\/didactic-equipment\/didactic-equipment-for-oil-hydraulic-systems\/","og_locale":"en_US","og_type":"article","og_title":"Tecnolog\u00eda Oleo-Hidr\u00e1ulica para mec\u00e1nica, mecatr\u00f3nica, automatismos...","og_description":"La tecnolog\u00eda oleo-hidr\u00e1ulica se utiliza cada vez m\u00e1s en los sectores de la automatizaci\u00f3n industrial y m\u00f3vil, fabricaci\u00f3n mec\u00e1nica, mecatr\u00f3nica y ensayos.","og_url":"https:\/\/hre.es\/didactica\/en\/didactic-equipment\/didactic-equipment-for-oil-hydraulic-systems\/","og_site_name":"The HRE Didactic division","article_modified_time":"2024-06-17T13:38:04+00:00","twitter_card":"summary_large_image","twitter_misc":{"Est. reading time":"1 minute"},"schema":{"@context":"https:\/\/schema.org","@graph":[{"@type":"WebPage","@id":"https:\/\/hre.es\/didactica\/en\/didactic-equipment\/didactic-equipment-for-oil-hydraulic-systems\/","url":"https:\/\/hre.es\/didactica\/en\/didactic-equipment\/didactic-equipment-for-oil-hydraulic-systems\/","name":"Tecnolog\u00eda Oleo-Hidr\u00e1ulica para mec\u00e1nica, mecatr\u00f3nica, automatismos...","isPartOf":{"@id":"https:\/\/hre.es\/didactica\/#website"},"datePublished":"2016-04-14T07:39:40+00:00","dateModified":"2024-06-17T13:38:04+00:00","description":"La tecnolog\u00eda oleo-hidr\u00e1ulica se utiliza cada vez m\u00e1s en los sectores de la automatizaci\u00f3n industrial y m\u00f3vil, fabricaci\u00f3n mec\u00e1nica, mecatr\u00f3nica y ensayos.","breadcrumb":{"@id":"https:\/\/hre.es\/didactica\/en\/didactic-equipment\/didactic-equipment-for-oil-hydraulic-systems\/#breadcrumb"},"inLanguage":"en-US","potentialAction":[{"@type":"ReadAction","target":["https:\/\/hre.es\/didactica\/en\/didactic-equipment\/didactic-equipment-for-oil-hydraulic-systems\/"]}]},{"@type":"BreadcrumbList","@id":"https:\/\/hre.es\/didactica\/en\/didactic-equipment\/didactic-equipment-for-oil-hydraulic-systems\/#breadcrumb","itemListElement":[{"@type":"ListItem","position":1,"name":"Portada","item":"https:\/\/hre.es\/didactica\/en\/"},{"@type":"ListItem","position":2,"name":"Didactic equipment","item":"https:\/\/hre.es\/didactica\/en\/didactic-equipment\/"},{"@type":"ListItem","position":3,"name":"Didactic equipment for oil hydraulic systems"}]},{"@type":"WebSite","@id":"https:\/\/hre.es\/didactica\/#website","url":"https:\/\/hre.es\/didactica\/","name":"The HRE Didactic division","description":"Transmisi\u00f3n de conocimientos adquiridos durante a\u00f1os en el sector Industrial","potentialAction":[{"@type":"SearchAction","target":{"@type":"EntryPoint","urlTemplate":"https:\/\/hre.es\/didactica\/?s={search_term_string}"},"query-input":{"@type":"PropertyValueSpecification","valueRequired":true,"valueName":"search_term_string"}}],"inLanguage":"en-US"}]}},"_links":{"self":[{"href":"https:\/\/hre.es\/didactica\/en\/wp-json\/wp\/v2\/pages\/3856","targetHints":{"allow":["GET"]}}],"collection":[{"href":"https:\/\/hre.es\/didactica\/en\/wp-json\/wp\/v2\/pages"}],"about":[{"href":"https:\/\/hre.es\/didactica\/en\/wp-json\/wp\/v2\/types\/page"}],"author":[{"embeddable":true,"href":"https:\/\/hre.es\/didactica\/en\/wp-json\/wp\/v2\/users\/1"}],"replies":[{"embeddable":true,"href":"https:\/\/hre.es\/didactica\/en\/wp-json\/wp\/v2\/comments?post=3856"}],"version-history":[{"count":11,"href":"https:\/\/hre.es\/didactica\/en\/wp-json\/wp\/v2\/pages\/3856\/revisions"}],"predecessor-version":[{"id":4669,"href":"https:\/\/hre.es\/didactica\/en\/wp-json\/wp\/v2\/pages\/3856\/revisions\/4669"}],"up":[{"embeddable":true,"href":"https:\/\/hre.es\/didactica\/en\/wp-json\/wp\/v2\/pages\/3992"}],"wp:attachment":[{"href":"https:\/\/hre.es\/didactica\/en\/wp-json\/wp\/v2\/media?parent=3856"}],"curies":[{"name":"wp","href":"https:\/\/api.w.org\/{rel}","templated":true}]}}