{"id":3956,"date":"2017-02-06T09:42:01","date_gmt":"2017-02-06T08:42:01","guid":{"rendered":"https:\/\/hre.es\/didactica\/quienes-somos\/"},"modified":"2022-06-17T16:01:02","modified_gmt":"2022-06-17T14:01:02","slug":"about-us","status":"publish","type":"page","link":"https:\/\/hre.es\/didactica\/en\/about-us\/","title":{"rendered":"About us"},"content":{"rendered":"<div class=\"wpb-content-wrapper\"><p>[vc_row css=&#8221;.vc_custom_1492512633319{margin-bottom: 10px !important;}&#8221;][vc_column width=&#8221;1\/3&#8243; css=&#8221;.vc_custom_1492512704335{margin-right: 0px !important;padding-right: 0px !important;}&#8221;]<style scoped='scoped'>.mgt-promo-block-.mgt-promo-block.animated:hover .mgt-promo-block-content {background-color: rgba(0,0,0,0.5)!important;}<\/style><div class=\"mgt-promo-block animated white-text cover-image text-size-normal no-darken mgt-promo-block- wpb_content_element\" data-style=\"background-image: url(https:\/\/hre.es\/didactica\/wp-content\/uploads\/quienes-somos-team.jpg);background-repeat: no-repeat;width: 100%; height: 280px;\"><div class=\"mgt-promo-block-content mgt-hide-button\"><div class=\"mgt-promo-block-content-inside\"><div class=\"mgt-button-wrapper mgt-button-wrapper-align-center mgt-button-wrapper-display-newline mgt-button-top-margin-disable\"><a class=\"btn hvr-bounce-to-right mgt-button mgt-style-solid mgt-size-normal mgt-align-center mgt-display-newline mgt-text-size-normal mgt-button-icon-position-left mgt-text-transform-uppercase \" href=\"http:\/\/hre.es\/didactica\/contacto-y-localizacion\/\">contacto<\/a><\/div><\/div><\/div><\/div>[\/vc_column][vc_column width=&#8221;2\/3&#8243; css=&#8221;.vc_custom_1492512730470{margin-left: 0px !important;padding-left: 0px !important;}&#8221;]<style scoped='scoped'>.mgt-promo-block-32287642620.mgt-promo-block.animated:hover .mgt-promo-block-content {background-color: rgba(255,255,255,0.01)!important;}<\/style><div class=\"mgt-promo-block animated black-text text-size-normal no-darken mgt-promo-block-32287642620 wpb_content_element wpb_animate_when_almost_visible wpb_right-to-left\" data-style=\"width: 100%; height: auto;\"><div class=\"mgt-promo-block-content va-top\"><div class=\"mgt-promo-block-content-inside vc_custom_1638181661151\">\n<h2 style=\"text-align: left;color: #2a2f35;font: 21px;margin: 0px 0px 15px\">Experience and confidence in industrial fluids<\/h2>\n<p style=\"text-align: left\"><strong>HRE DIDACTIC<\/strong> is a company with <strong>over 40 years of experience<\/strong> en el desarrollo de equipamiento y herramientas de formaci\u00f3n en tecnolog\u00edas de automatizaci\u00f3n. Nuestras capacidades de dise\u00f1o, fabricaci\u00f3n y nuestra dilatada experiencia industrial en este campo son las bases en la que nos apoyamos. Nuestro objetivo es el compromiso total con la educaci\u00f3n, con las personas, con nuestros clientes y con la sociedad.\n<p style=\"text-align: left\"><img loading=\"lazy\" decoding=\"async\" src=\"https:\/\/hre.es\/didactica\/wp-content\/uploads\/firma-didactica.jpg\" alt=\"firma del director de la divisi\u00f3n did\u00e1ctica de HRE Hidraulic\" width=\"148\" height=\"59\" \/>\n<p style=\"text-align: left;color: #2a2f35;font: 14px;margin: 0px 0px 15px\">I\u00f1aki Gutierrez \/ <strong>HRE DIDACTIC<\/strong>\n<\/div><\/div><\/div>[\/vc_column][\/vc_row][vc_row css=&#8221;.vc_custom_1492513451767{padding-top: 30px !important;padding-bottom: 30px !important;}&#8221;][vc_column width=&#8221;2\/6&#8243;]<div class=\"mgt-header-block clearfix text-left text-black wpb_animate_when_almost_visible wpb_left-to-right wpb_content_element  mgt-header-block-style-2 mgt-header-texttransform-subheader \"><p class=\"mgt-header-block-subtitle\">SOME REPRESENTATIVE FIGURES<\/p><h2 class=\"mgt-header-block-title\">HRE Didactic Results<\/h2><div class=\"mgt-header-line\"><\/div><\/div>[\/vc_column][vc_column width=&#8221;1\/6&#8243;]<div class=\"mgt-counter-wrapper wpb_content_element text-black text-left\"><span class=\"mgt-counter-value\" data-from=\"0\" data-to=\"1200\" data-speed=\"2000\" data-decimals=\"0\">1200<\/span><h5 class=\"mgt-counter-title\">MORE THAN 1200 PIECES OF EQUIPMENT DELIVERED<\/h5><\/div>[\/vc_column][vc_column width=&#8221;1\/6&#8243;]<div class=\"mgt-counter-wrapper wpb_content_element text-black text-left\"><span class=\"mgt-counter-value\" data-from=\"0\" data-to=\"25\" data-speed=\"2000\" data-decimals=\"0\">25<\/span><h5 class=\"mgt-counter-title\">PRESENT IN MORE THAN 25 COUNTRIES<\/h5><\/div>[\/vc_column][vc_column width=&#8221;2\/6&#8243;]<div class=\"mgt-counter-wrapper wpb_content_element text-black text-left\"><span class=\"mgt-counter-value\" data-from=\"0\" data-to=\"35\" data-speed=\"2000\" data-decimals=\"0\">35<\/span><h5 class=\"mgt-counter-title\">MORE THAN 35 YEARS DESIGNING AND MANUFACTURING DIDACTIC EQUIPMENT<\/h5><\/div>[\/vc_column][\/vc_row][vc_row css=&#8221;.vc_custom_1492514120536{padding-bottom: 50px !important;}&#8221;][vc_column width=&#8221;1\/3&#8243;][vc_single_image image=&#8221;3660&#8243; img_size=&#8221;full&#8221; css_animation=&#8221;left-to-right&#8221;][vc_column_text css_animation=&#8221;left-to-right&#8221;]<span style=\"text-align: left; color: #2a2f35; font: 16px Montserrat; margin: 0px 0px 15px;\">MISSION, VISION AND VALUES<\/span><\/p>\n<p style=\"text-align: left;\">Discover HRE\u2019s mainstays.<\/p>\n<p>[\/vc_column_text]<div class=\"mgt-button-wrapper mgt-button-wrapper-align-left mgt-button-wrapper-display-newline mgt-button-top-margin-disable\"><a class=\"btn hvr-icon-wobble-horizontal mgt-button mgt-style-solid mgt-size-small mgt-align-left mgt-display-newline mgt-text-size-small mgt-button-icon-position-right mgt-text-transform-uppercase  wpb_animate_when_almost_visible wpb_left-to-right\" href=\"https:\/\/hre.es\/didactica\/en\/about-us\/mission-vision-and-values\/\">read more<i class=\"fa fa-arrow-right\"><\/i><\/a><\/div>[\/vc_column][vc_column width=&#8221;1\/3&#8243;][vc_single_image image=&#8221;3658&#8243; img_size=&#8221;full&#8221; css_animation=&#8221;left-to-right&#8221;][vc_column_text css_animation=&#8221;left-to-right&#8221;]<span style=\"text-align: left; color: #2a2f35; font: 16px Montserrat; margin: 0px 0px 15px;\">WHY HRE DIDACTIC<\/span><\/p>\n<p style=\"text-align: left;\">We show you why we stand out.<\/p>\n<p>[\/vc_column_text]<div class=\"mgt-button-wrapper mgt-button-wrapper-align-left mgt-button-wrapper-display-newline mgt-button-top-margin-disable\"><a class=\"btn hvr-icon-wobble-horizontal mgt-button mgt-style-solid mgt-size-small mgt-align-left mgt-display-newline mgt-text-size-small mgt-button-icon-position-right mgt-text-transform-uppercase  wpb_animate_when_almost_visible wpb_left-to-right\" href=\"https:\/\/hre.es\/didactica\/en\/about-us\/why-hre-didactic\/\">read more<i class=\"fa fa-arrow-right\"><\/i><\/a><\/div>[\/vc_column][vc_column width=&#8221;1\/3&#8243;]<style scoped='scoped'>.mgt-promo-block-.mgt-promo-block.darken .mgt-promo-block-content {background-color: rgba(10,10,10,0.38)!important;}.mgt-promo-block-.mgt-promo-block.animated:hover .mgt-promo-block-content {background-color: rgba(0,0,0,0.5)!important;}<\/style><a class=\"mgt-promo-block-link\" href=\"https:\/\/hre.es\/didactica\/en\/about-us\/didactic-division-history\/\"><div class=\"mgt-promo-block animated white-text cover-image text-size-normal darken mgt-promo-block- wpb_content_element wpb_animate_when_almost_visible wpb_right-to-left\" data-style=\"background-image: url(https:\/\/hre.es\/didactica\/wp-content\/uploads\/historia-hre-didactica.jpg);background-repeat: no-repeat;width: 100%; height: 240px;\"><div class=\"mgt-promo-block-content va-bottom\"><div class=\"mgt-promo-block-content-inside vc_custom_1632307671686\"><span style=\"color: #ffffff;font: 21px Montserrat;margin: 0px 0px 15px\">DIDACTIC DIVISION HISTORY<\/span><div class=\"mgt-button-wrapper mgt-button-wrapper-align-left mgt-button-wrapper-display-newline mgt-button-top-margin-disable\"><a class=\"btn hvr-icon-wobble-horizontal mgt-button mgt-style-textwhite mgt-size-normal mgt-align-left mgt-display-newline mgt-text-size-small mgt-button-icon-position-right mgt-text-transform-uppercase \" href=\"https:\/\/hre.es\/didactica\/en\/about-us\/didactic-division-history\/\">READ MORE<i class=\"fa fa-arrow-right\"><\/i><\/a><\/div><\/div><\/div><\/div><\/a>[vc_empty_space height=&#8221;20px&#8221;]<style scoped='scoped'>.mgt-promo-block-.mgt-promo-block.darken .mgt-promo-block-content {background-color: rgba(10,10,10,0.38)!important;}.mgt-promo-block-.mgt-promo-block.animated:hover .mgt-promo-block-content {background-color: rgba(0,0,0,0.5)!important;}<\/style><a class=\"mgt-promo-block-link\" href=\"https:\/\/hre.es\/en\/about-us\/industry-division-history\/\"><div class=\"mgt-promo-block animated white-text cover-image text-size-normal darken mgt-promo-block- wpb_content_element wpb_animate_when_almost_visible wpb_right-to-left\" data-style=\"background-image: url(https:\/\/hre.es\/didactica\/wp-content\/uploads\/historia-hre-industria.jpg);background-repeat: no-repeat;width: 100%; height: 240px;\"><div class=\"mgt-promo-block-content va-bottom\"><div class=\"mgt-promo-block-content-inside vc_custom_1632307712606\"><span style=\"color: #ffffff;font: 21px Montserrat;margin: 0px 0px 15px\">INDUSTRY DIVISION HISTORY<\/span><div class=\"mgt-button-wrapper mgt-button-wrapper-align-left mgt-button-wrapper-display-newline mgt-button-top-margin-disable\"><a class=\"btn hvr-icon-wobble-horizontal mgt-button mgt-style-textwhite mgt-size-normal mgt-align-left mgt-display-newline mgt-text-size-small mgt-button-icon-position-right mgt-text-transform-uppercase \" href=\"https:\/\/hre.es\/en\/about-us\/industry-division-history\/\">read more<i class=\"fa fa-arrow-right\"><\/i><\/a><\/div><\/div><\/div><\/div><\/a>[\/vc_column][\/vc_row][vc_row full_width=&#8221;stretch_row_content_no_spaces&#8221; parallax=&#8221;content-moving&#8221; parallax_image=&#8221;3381&#8243; parallax_speed_bg=&#8221;1.9&#8243;][vc_column]<style scoped='scoped'>.mgt-promo-block-73076492288.mgt-promo-block.darken .mgt-promo-block-content {background-color: rgba(0,0,0,0.59)!important;}.mgt-promo-block-73076492288.mgt-promo-block.animated:hover .mgt-promo-block-content {background-color: rgba(0,0,0,0.5)!important;}<\/style><div class=\"mgt-promo-block animated white-text text-size-normal darken mgt-promo-block-73076492288 wpb_content_element\" data-style=\"width: 100%; height: 450px;\"><div class=\"mgt-promo-block-content\"><div class=\"mgt-promo-block-content-inside vc_custom_1638181728688\">\n<p style=\"text-align: center;color: #ffffff;font-size: 35px;margin: 0px 0px 15px\">Didactic equipment designed from our industrial experience\n<p style=\"text-align: center\"><span style=\"color: #b8b8b8\">We know from experience that you only learn by doing. That is why we design equipment that allows you to carry out real practical experiments<\/span>\n<\/div><\/div><\/div>[\/vc_column][\/vc_row][vc_row full_width=&#8221;stretch_row&#8221; css=&#8221;.vc_custom_1492523436088{background-color: #f8f8f8 !important;}&#8221;][vc_column]<div class=\"mgt-cta-block clearfix black-text with-text no-side-paddings wpb_content_element\" data-style=\"background-color: ;\"><div class=\"mgt-button-wrapper mgt-button-wrapper-align-right mgt-button-wrapper-display-newline mgt-button-top-margin-disable\"><a class=\"btn hvr-bounce-to-right mgt-button mgt-style-solid mgt-size-normal mgt-align-right mgt-display-newline mgt-text-size-normal mgt-button-icon-position-left mgt-text-transform-uppercase \" href=\"https:\/\/hre.es\/didactica\/en\/contact-and-location\/\">Contact HRE<\/a><\/div><h5 class=\"mgt-cta-block-header\">Contact us<\/h5><div class=\"mgt-cta-block-content\">Please don&#8217;t hesitate to contact us for further information<\/div><\/div>[\/vc_column][\/vc_row]<\/p>\n<\/div>","protected":false},"excerpt":{"rendered":"<p>[vc_row css=&#8221;.vc_custom_1492512633319{margin-bottom: 10px !important;}&#8221;][vc_column width=&#8221;1\/3&#8243; css=&#8221;.vc_custom_1492512704335{margin-right: 0px !important;padding-right: 0px !important;}&#8221;][\/vc_column][vc_column width=&#8221;2\/3&#8243; css=&#8221;.vc_custom_1492512730470{margin-left: 0px !important;padding-left: 0px !important;}&#8221;][\/vc_column][\/vc_row][vc_row css=&#8221;.vc_custom_1492513451767{padding-top: 30px !important;padding-bottom: 30px !important;}&#8221;][vc_column width=&#8221;2\/6&#8243;][\/vc_column][vc_column width=&#8221;1\/6&#8243;][\/vc_column][vc_column width=&#8221;1\/6&#8243;][\/vc_column][vc_column width=&#8221;2\/6&#8243;][\/vc_column][\/vc_row][vc_row css=&#8221;.vc_custom_1492514120536{padding-bottom: 50px !important;}&#8221;][vc_column width=&#8221;1\/3&#8243;][vc_single_image image=&#8221;3660&#8243;&#8230;<\/p>\n","protected":false},"author":1,"featured_media":0,"parent":0,"menu_order":2,"comment_status":"closed","ping_status":"closed","template":"","meta":{"footnotes":""},"class_list":["post-3956","page","type-page","status-publish","hentry"],"yoast_head":"<!-- This site is optimized with the Yoast SEO plugin v27.3 - https:\/\/yoast.com\/product\/yoast-seo-wordpress\/ -->\n<title>Training equipment and tools \u2013 HRE Didactic<\/title>\n<meta name=\"description\" content=\"We offer real industrial automation solutions specially oriented to training centers from which companies can also benefit\" \/>\n<meta name=\"robots\" content=\"index, follow, max-snippet:-1, max-image-preview:large, max-video-preview:-1\" \/>\n<link rel=\"canonical\" href=\"https:\/\/hre.es\/didactica\/en\/about-us\/\" \/>\n<meta property=\"og:locale\" content=\"en_US\" \/>\n<meta property=\"og:type\" content=\"article\" \/>\n<meta property=\"og:title\" content=\"Training equipment and tools \u2013 HRE Didactic\" \/>\n<meta property=\"og:description\" content=\"We offer real industrial automation solutions specially oriented to training centers from which companies can also benefit\" \/>\n<meta property=\"og:url\" content=\"https:\/\/hre.es\/didactica\/en\/about-us\/\" \/>\n<meta property=\"og:site_name\" content=\"The HRE Didactic division\" \/>\n<meta property=\"article:modified_time\" content=\"2022-06-17T14:01:02+00:00\" \/>\n<meta property=\"og:image\" content=\"https:\/\/hre.es\/didactica\/wp-content\/uploads\/firma-didactica.jpg\" \/>\n<meta name=\"twitter:card\" content=\"summary_large_image\" \/>\n<meta name=\"twitter:label1\" content=\"Est. reading time\" \/>\n\t<meta name=\"twitter:data1\" content=\"2 minutes\" \/>\n<script type=\"application\/ld+json\" class=\"yoast-schema-graph\">{\"@context\":\"https:\\\/\\\/schema.org\",\"@graph\":[{\"@type\":\"WebPage\",\"@id\":\"https:\\\/\\\/hre.es\\\/didactica\\\/en\\\/about-us\\\/\",\"url\":\"https:\\\/\\\/hre.es\\\/didactica\\\/en\\\/about-us\\\/\",\"name\":\"Training equipment and tools \u2013 HRE Didactic\",\"isPartOf\":{\"@id\":\"https:\\\/\\\/hre.es\\\/didactica\\\/#website\"},\"primaryImageOfPage\":{\"@id\":\"https:\\\/\\\/hre.es\\\/didactica\\\/en\\\/about-us\\\/#primaryimage\"},\"image\":{\"@id\":\"https:\\\/\\\/hre.es\\\/didactica\\\/en\\\/about-us\\\/#primaryimage\"},\"thumbnailUrl\":\"https:\\\/\\\/hre.es\\\/didactica\\\/wp-content\\\/uploads\\\/firma-didactica.jpg\",\"datePublished\":\"2017-02-06T08:42:01+00:00\",\"dateModified\":\"2022-06-17T14:01:02+00:00\",\"description\":\"We offer real industrial automation solutions specially oriented to training centers from which companies can also benefit\",\"breadcrumb\":{\"@id\":\"https:\\\/\\\/hre.es\\\/didactica\\\/en\\\/about-us\\\/#breadcrumb\"},\"inLanguage\":\"en-US\",\"potentialAction\":[{\"@type\":\"ReadAction\",\"target\":[\"https:\\\/\\\/hre.es\\\/didactica\\\/en\\\/about-us\\\/\"]}]},{\"@type\":\"ImageObject\",\"inLanguage\":\"en-US\",\"@id\":\"https:\\\/\\\/hre.es\\\/didactica\\\/en\\\/about-us\\\/#primaryimage\",\"url\":\"https:\\\/\\\/hre.es\\\/didactica\\\/wp-content\\\/uploads\\\/firma-didactica.jpg\",\"contentUrl\":\"https:\\\/\\\/hre.es\\\/didactica\\\/wp-content\\\/uploads\\\/firma-didactica.jpg\"},{\"@type\":\"BreadcrumbList\",\"@id\":\"https:\\\/\\\/hre.es\\\/didactica\\\/en\\\/about-us\\\/#breadcrumb\",\"itemListElement\":[{\"@type\":\"ListItem\",\"position\":1,\"name\":\"Portada\",\"item\":\"https:\\\/\\\/hre.es\\\/didactica\\\/en\\\/\"},{\"@type\":\"ListItem\",\"position\":2,\"name\":\"About us\"}]},{\"@type\":\"WebSite\",\"@id\":\"https:\\\/\\\/hre.es\\\/didactica\\\/#website\",\"url\":\"https:\\\/\\\/hre.es\\\/didactica\\\/\",\"name\":\"The HRE Didactic division\",\"description\":\"Transmisi\u00f3n de conocimientos adquiridos durante a\u00f1os en el sector Industrial\",\"potentialAction\":[{\"@type\":\"SearchAction\",\"target\":{\"@type\":\"EntryPoint\",\"urlTemplate\":\"https:\\\/\\\/hre.es\\\/didactica\\\/?s={search_term_string}\"},\"query-input\":{\"@type\":\"PropertyValueSpecification\",\"valueRequired\":true,\"valueName\":\"search_term_string\"}}],\"inLanguage\":\"en-US\"}]}<\/script>\n<!-- \/ Yoast SEO plugin. -->","yoast_head_json":{"title":"Training equipment and tools \u2013 HRE Didactic","description":"We offer real industrial automation solutions specially oriented to training centers from which companies can also benefit","robots":{"index":"index","follow":"follow","max-snippet":"max-snippet:-1","max-image-preview":"max-image-preview:large","max-video-preview":"max-video-preview:-1"},"canonical":"https:\/\/hre.es\/didactica\/en\/about-us\/","og_locale":"en_US","og_type":"article","og_title":"Training equipment and tools \u2013 HRE Didactic","og_description":"We offer real industrial automation solutions specially oriented to training centers from which companies can also benefit","og_url":"https:\/\/hre.es\/didactica\/en\/about-us\/","og_site_name":"The HRE Didactic division","article_modified_time":"2022-06-17T14:01:02+00:00","og_image":[{"url":"https:\/\/hre.es\/didactica\/wp-content\/uploads\/firma-didactica.jpg","type":"","width":"","height":""}],"twitter_card":"summary_large_image","twitter_misc":{"Est. reading time":"2 minutes"},"schema":{"@context":"https:\/\/schema.org","@graph":[{"@type":"WebPage","@id":"https:\/\/hre.es\/didactica\/en\/about-us\/","url":"https:\/\/hre.es\/didactica\/en\/about-us\/","name":"Training equipment and tools \u2013 HRE Didactic","isPartOf":{"@id":"https:\/\/hre.es\/didactica\/#website"},"primaryImageOfPage":{"@id":"https:\/\/hre.es\/didactica\/en\/about-us\/#primaryimage"},"image":{"@id":"https:\/\/hre.es\/didactica\/en\/about-us\/#primaryimage"},"thumbnailUrl":"https:\/\/hre.es\/didactica\/wp-content\/uploads\/firma-didactica.jpg","datePublished":"2017-02-06T08:42:01+00:00","dateModified":"2022-06-17T14:01:02+00:00","description":"We offer real industrial automation solutions specially oriented to training centers from which companies can also benefit","breadcrumb":{"@id":"https:\/\/hre.es\/didactica\/en\/about-us\/#breadcrumb"},"inLanguage":"en-US","potentialAction":[{"@type":"ReadAction","target":["https:\/\/hre.es\/didactica\/en\/about-us\/"]}]},{"@type":"ImageObject","inLanguage":"en-US","@id":"https:\/\/hre.es\/didactica\/en\/about-us\/#primaryimage","url":"https:\/\/hre.es\/didactica\/wp-content\/uploads\/firma-didactica.jpg","contentUrl":"https:\/\/hre.es\/didactica\/wp-content\/uploads\/firma-didactica.jpg"},{"@type":"BreadcrumbList","@id":"https:\/\/hre.es\/didactica\/en\/about-us\/#breadcrumb","itemListElement":[{"@type":"ListItem","position":1,"name":"Portada","item":"https:\/\/hre.es\/didactica\/en\/"},{"@type":"ListItem","position":2,"name":"About us"}]},{"@type":"WebSite","@id":"https:\/\/hre.es\/didactica\/#website","url":"https:\/\/hre.es\/didactica\/","name":"The HRE Didactic division","description":"Transmisi\u00f3n de conocimientos adquiridos durante a\u00f1os en el sector Industrial","potentialAction":[{"@type":"SearchAction","target":{"@type":"EntryPoint","urlTemplate":"https:\/\/hre.es\/didactica\/?s={search_term_string}"},"query-input":{"@type":"PropertyValueSpecification","valueRequired":true,"valueName":"search_term_string"}}],"inLanguage":"en-US"}]}},"_links":{"self":[{"href":"https:\/\/hre.es\/didactica\/en\/wp-json\/wp\/v2\/pages\/3956","targetHints":{"allow":["GET"]}}],"collection":[{"href":"https:\/\/hre.es\/didactica\/en\/wp-json\/wp\/v2\/pages"}],"about":[{"href":"https:\/\/hre.es\/didactica\/en\/wp-json\/wp\/v2\/types\/page"}],"author":[{"embeddable":true,"href":"https:\/\/hre.es\/didactica\/en\/wp-json\/wp\/v2\/users\/1"}],"replies":[{"embeddable":true,"href":"https:\/\/hre.es\/didactica\/en\/wp-json\/wp\/v2\/comments?post=3956"}],"version-history":[{"count":15,"href":"https:\/\/hre.es\/didactica\/en\/wp-json\/wp\/v2\/pages\/3956\/revisions"}],"predecessor-version":[{"id":4531,"href":"https:\/\/hre.es\/didactica\/en\/wp-json\/wp\/v2\/pages\/3956\/revisions\/4531"}],"wp:attachment":[{"href":"https:\/\/hre.es\/didactica\/en\/wp-json\/wp\/v2\/media?parent=3956"}],"curies":[{"name":"wp","href":"https:\/\/api.w.org\/{rel}","templated":true}]}}