{"id":2047,"date":"2016-05-26T11:54:08","date_gmt":"2016-05-26T09:54:08","guid":{"rendered":"http:\/\/wp.magnium-themes.com\/thebuilt\/thebuilt-1\/?page_id=2047"},"modified":"2021-11-25T16:44:17","modified_gmt":"2021-11-25T15:44:17","slug":"clientes","status":"publish","type":"page","link":"https:\/\/hre.es\/didactica\/clientes\/","title":{"rendered":"Clientes"},"content":{"rendered":"<div class=\"wpb-content-wrapper\"><p>[vc_row equal_height=\u00bbyes\u00bb css=\u00bb.vc_custom_1514473569038{margin-top: -30px !important;}\u00bb][vc_column]<div class=\"mgt-header-block clearfix text-center text-black wpb_content_element  mgt-header-block-style-1 mgt-header-texttransform-none \"><h2 class=\"mgt-header-block-title\">Si necesitas y\/o quieres aprender y\/o ense\u00f1ar, queremos que seas nuestro cliente<\/h2><p class=\"mgt-header-block-subtitle\">GRUPOS DE CLIENTES<\/p><div class=\"mgt-header-line\"><\/div><\/div>[\/vc_column][\/vc_row][vc_row full_width=\u00bbstretch_row\u00bb css=\u00bb.vc_custom_1514472662809{padding-bottom: 50px !important;}\u00bb][vc_column width=\u00bb1\/3&#8243;][vc_single_image image=\u00bb3496&#8243; img_size=\u00bbfull\u00bb css_animation=\u00bbleft-to-right\u00bb][vc_column_text css_animation=\u00bbleft-to-right\u00bb]<\/p>\n<h3 class=\"no_stripe\">CENTROS DE FORMACI\u00d3N<\/h3>\n<p>Centros de Formaci\u00f3n Profesional Reglada, Formaci\u00f3n para el Empleo, Formaci\u00f3n Continua, Universidades&#8230;[\/vc_column_text]<div class=\"mgt-button-wrapper mgt-button-wrapper-align-left mgt-button-wrapper-display-newline mgt-button-top-margin-disable\"><a class=\"btn hvr-icon-wobble-horizontal mgt-button mgt-style-solid mgt-size-small mgt-align-left mgt-display-newline mgt-text-size-small mgt-button-icon-position-right mgt-text-transform-uppercase \" href=\"http:\/\/hre.es\/didactica\/contacto-y-localizacion\/\">Solicitar m\u00e1s informaci\u00f3n<i class=\"fa fa-arrow-right\"><\/i><\/a><\/div>[\/vc_column][vc_column width=\u00bb1\/3&#8243;][vc_single_image image=\u00bb3494&#8243; img_size=\u00bbfull\u00bb css_animation=\u00bbleft-to-right\u00bb][vc_column_text css_animation=\u00bbleft-to-right\u00bb]<\/p>\n<h3 class=\"no_stripe\">ADMINISTRACI\u00d3N P\u00daBLICA<\/h3>\n<p>Apoyamos y asesoramos a los departamentos de desarrollo de contenidos curriculares.[\/vc_column_text]<div class=\"mgt-button-wrapper mgt-button-wrapper-align-left mgt-button-wrapper-display-newline mgt-button-top-margin-disable\"><a class=\"btn hvr-icon-wobble-horizontal mgt-button mgt-style-solid mgt-size-small mgt-align-left mgt-display-newline mgt-text-size-small mgt-button-icon-position-right mgt-text-transform-uppercase \" href=\"http:\/\/hre.es\/didactica\/contacto-y-localizacion\/\">Solicitar m\u00e1s informaci\u00f3n<i class=\"fa fa-arrow-right\"><\/i><\/a><\/div>[\/vc_column][vc_column width=\u00bb1\/3&#8243;][vc_single_image image=\u00bb4245&#8243; img_size=\u00bbfull\u00bb css_animation=\u00bbleft-to-right\u00bb][vc_column_text css_animation=\u00bbleft-to-right\u00bb]<\/p>\n<h3 class=\"no_stripe\">EMPRESA<\/h3>\n<p>Departamentos de mantenimiento e Ingenier\u00eda de empresas fabricantes o usuarios de maquinaria de todo tipo.[\/vc_column_text]<div class=\"mgt-button-wrapper mgt-button-wrapper-align-left mgt-button-wrapper-display-newline mgt-button-top-margin-disable\"><a class=\"btn hvr-icon-wobble-horizontal mgt-button mgt-style-solid mgt-size-small mgt-align-left mgt-display-newline mgt-text-size-small mgt-button-icon-position-right mgt-text-transform-uppercase \" href=\"http:\/\/hre.es\/didactica\/contacto-y-localizacion\/\">Solicitar m\u00e1s informaci\u00f3n<i class=\"fa fa-arrow-right\"><\/i><\/a><\/div>[\/vc_column][\/vc_row][vc_row full_width=\u00bbstretch_row\u00bb css=\u00bb.vc_custom_1526636925461{padding-top: 0px !important;padding-bottom: 0px !important;background-color: #eeeeee !important;}\u00bb][vc_column]<div class=\"mgt-cta-block clearfix black-text with-text no-side-paddings wpb_content_element\" data-style=\"background-color: ;\"><div class=\"mgt-button-wrapper mgt-button-wrapper-align-right mgt-button-wrapper-display-newline mgt-button-top-margin-disable\"><a class=\"btn hvr-default mgt-button mgt-style-solid mgt-size-normal mgt-align-right mgt-display-newline mgt-text-size-normal mgt-button-icon-position-left mgt-text-transform-uppercase \" href=\"http:\/\/hre.es\/didactica\/contacto-y-localizacion\/\">Contactar con HRE<\/a><\/div><h5 class=\"mgt-cta-block-header\">Cons\u00faltenos sin compromiso<\/h5><div class=\"mgt-cta-block-content\">No dude en contactar si desea m\u00e1s informaci\u00f3n<\/div><\/div>[\/vc_column][\/vc_row]<\/p>\n<\/div>","protected":false},"excerpt":{"rendered":"<p>[vc_row equal_height=\u00bbyes\u00bb css=\u00bb.vc_custom_1514473569038{margin-top: -30px !important;}\u00bb][vc_column][\/vc_column][\/vc_row][vc_row full_width=\u00bbstretch_row\u00bb css=\u00bb.vc_custom_1514472662809{padding-bottom: 50px !important;}\u00bb][vc_column width=\u00bb1\/3&#8243;][vc_single_image image=\u00bb3496&#8243; img_size=\u00bbfull\u00bb css_animation=\u00bbleft-to-right\u00bb][vc_column_text css_animation=\u00bbleft-to-right\u00bb] CENTROS DE FORMACI\u00d3N Centros de Formaci\u00f3n Profesional Reglada, Formaci\u00f3n para el Empleo, Formaci\u00f3n Continua, Universidades&#8230;[\/vc_column_text][\/vc_column][vc_column width=\u00bb1\/3&#8243;][vc_single_image&#8230;<\/p>\n","protected":false},"author":1,"featured_media":0,"parent":0,"menu_order":5,"comment_status":"closed","ping_status":"closed","template":"","meta":{"footnotes":""},"class_list":["post-2047","page","type-page","status-publish","hentry"],"yoast_head":"<!-- This site is optimized with the Yoast SEO plugin v27.5 - https:\/\/yoast.com\/product\/yoast-seo-wordpress\/ -->\n<title>Tipo de clientes de la divisi\u00f3n did\u00e1ctica de HRE<\/title>\n<meta name=\"description\" content=\"Los clientes a los que se dirigen los equipamientos did\u00e1cticos de HRE son lo de los centros educativos, administraciones p\u00fablicas y empresas.\" \/>\n<meta name=\"robots\" content=\"noindex, nofollow\" \/>\n<meta property=\"og:locale\" content=\"es_ES\" \/>\n<meta property=\"og:type\" content=\"article\" \/>\n<meta property=\"og:title\" content=\"Tipo de clientes de la divisi\u00f3n did\u00e1ctica de HRE\" \/>\n<meta property=\"og:description\" content=\"Los clientes a los que se dirigen los equipamientos did\u00e1cticos de HRE son lo de los centros educativos, administraciones p\u00fablicas y empresas.\" \/>\n<meta property=\"og:url\" content=\"https:\/\/hre.es\/didactica\/clientes\/\" \/>\n<meta property=\"og:site_name\" content=\"Divisi\u00f3n DID\u00c1CTICA de la empresa HRE\" \/>\n<meta property=\"article:modified_time\" content=\"2021-11-25T15:44:17+00:00\" \/>\n<meta name=\"twitter:card\" content=\"summary_large_image\" \/>\n<meta name=\"twitter:label1\" content=\"Tiempo de lectura\" \/>\n\t<meta name=\"twitter:data1\" content=\"2 minutos\" \/>\n<script type=\"application\/ld+json\" class=\"yoast-schema-graph\">{\"@context\":\"https:\\\/\\\/schema.org\",\"@graph\":[{\"@type\":\"WebPage\",\"@id\":\"https:\\\/\\\/hre.es\\\/didactica\\\/clientes\\\/\",\"url\":\"https:\\\/\\\/hre.es\\\/didactica\\\/clientes\\\/\",\"name\":\"Tipo de clientes de la divisi\u00f3n did\u00e1ctica de HRE\",\"isPartOf\":{\"@id\":\"https:\\\/\\\/hre.es\\\/didactica\\\/#website\"},\"datePublished\":\"2016-05-26T09:54:08+00:00\",\"dateModified\":\"2021-11-25T15:44:17+00:00\",\"description\":\"Los clientes a los que se dirigen los equipamientos did\u00e1cticos de HRE son lo de los centros educativos, administraciones p\u00fablicas y empresas.\",\"breadcrumb\":{\"@id\":\"https:\\\/\\\/hre.es\\\/didactica\\\/clientes\\\/#breadcrumb\"},\"inLanguage\":\"es\",\"potentialAction\":[{\"@type\":\"ReadAction\",\"target\":[\"https:\\\/\\\/hre.es\\\/didactica\\\/clientes\\\/\"]}]},{\"@type\":\"BreadcrumbList\",\"@id\":\"https:\\\/\\\/hre.es\\\/didactica\\\/clientes\\\/#breadcrumb\",\"itemListElement\":[{\"@type\":\"ListItem\",\"position\":1,\"name\":\"Portada\",\"item\":\"https:\\\/\\\/hre.es\\\/didactica\\\/\"},{\"@type\":\"ListItem\",\"position\":2,\"name\":\"Clientes\"}]},{\"@type\":\"WebSite\",\"@id\":\"https:\\\/\\\/hre.es\\\/didactica\\\/#website\",\"url\":\"https:\\\/\\\/hre.es\\\/didactica\\\/\",\"name\":\"Divisi\u00f3n DID\u00c1CTICA de la empresa HRE\",\"description\":\"Transmisi\u00f3n de conocimientos adquiridos durante a\u00f1os en el sector Industrial\",\"potentialAction\":[{\"@type\":\"SearchAction\",\"target\":{\"@type\":\"EntryPoint\",\"urlTemplate\":\"https:\\\/\\\/hre.es\\\/didactica\\\/?s={search_term_string}\"},\"query-input\":{\"@type\":\"PropertyValueSpecification\",\"valueRequired\":true,\"valueName\":\"search_term_string\"}}],\"inLanguage\":\"es\"}]}<\/script>\n<!-- \/ Yoast SEO plugin. -->","yoast_head_json":{"title":"Tipo de clientes de la divisi\u00f3n did\u00e1ctica de HRE","description":"Los clientes a los que se dirigen los equipamientos did\u00e1cticos de HRE son lo de los centros educativos, administraciones p\u00fablicas y empresas.","robots":{"index":"noindex","follow":"nofollow"},"og_locale":"es_ES","og_type":"article","og_title":"Tipo de clientes de la divisi\u00f3n did\u00e1ctica de HRE","og_description":"Los clientes a los que se dirigen los equipamientos did\u00e1cticos de HRE son lo de los centros educativos, administraciones p\u00fablicas y empresas.","og_url":"https:\/\/hre.es\/didactica\/clientes\/","og_site_name":"Divisi\u00f3n DID\u00c1CTICA de la empresa HRE","article_modified_time":"2021-11-25T15:44:17+00:00","twitter_card":"summary_large_image","twitter_misc":{"Tiempo de lectura":"2 minutos"},"schema":{"@context":"https:\/\/schema.org","@graph":[{"@type":"WebPage","@id":"https:\/\/hre.es\/didactica\/clientes\/","url":"https:\/\/hre.es\/didactica\/clientes\/","name":"Tipo de clientes de la divisi\u00f3n did\u00e1ctica de HRE","isPartOf":{"@id":"https:\/\/hre.es\/didactica\/#website"},"datePublished":"2016-05-26T09:54:08+00:00","dateModified":"2021-11-25T15:44:17+00:00","description":"Los clientes a los que se dirigen los equipamientos did\u00e1cticos de HRE son lo de los centros educativos, administraciones p\u00fablicas y empresas.","breadcrumb":{"@id":"https:\/\/hre.es\/didactica\/clientes\/#breadcrumb"},"inLanguage":"es","potentialAction":[{"@type":"ReadAction","target":["https:\/\/hre.es\/didactica\/clientes\/"]}]},{"@type":"BreadcrumbList","@id":"https:\/\/hre.es\/didactica\/clientes\/#breadcrumb","itemListElement":[{"@type":"ListItem","position":1,"name":"Portada","item":"https:\/\/hre.es\/didactica\/"},{"@type":"ListItem","position":2,"name":"Clientes"}]},{"@type":"WebSite","@id":"https:\/\/hre.es\/didactica\/#website","url":"https:\/\/hre.es\/didactica\/","name":"Divisi\u00f3n DID\u00c1CTICA de la empresa HRE","description":"Transmisi\u00f3n de conocimientos adquiridos durante a\u00f1os en el sector Industrial","potentialAction":[{"@type":"SearchAction","target":{"@type":"EntryPoint","urlTemplate":"https:\/\/hre.es\/didactica\/?s={search_term_string}"},"query-input":{"@type":"PropertyValueSpecification","valueRequired":true,"valueName":"search_term_string"}}],"inLanguage":"es"}]}},"_links":{"self":[{"href":"https:\/\/hre.es\/didactica\/wp-json\/wp\/v2\/pages\/2047","targetHints":{"allow":["GET"]}}],"collection":[{"href":"https:\/\/hre.es\/didactica\/wp-json\/wp\/v2\/pages"}],"about":[{"href":"https:\/\/hre.es\/didactica\/wp-json\/wp\/v2\/types\/page"}],"author":[{"embeddable":true,"href":"https:\/\/hre.es\/didactica\/wp-json\/wp\/v2\/users\/1"}],"replies":[{"embeddable":true,"href":"https:\/\/hre.es\/didactica\/wp-json\/wp\/v2\/comments?post=2047"}],"version-history":[{"count":23,"href":"https:\/\/hre.es\/didactica\/wp-json\/wp\/v2\/pages\/2047\/revisions"}],"predecessor-version":[{"id":4247,"href":"https:\/\/hre.es\/didactica\/wp-json\/wp\/v2\/pages\/2047\/revisions\/4247"}],"wp:attachment":[{"href":"https:\/\/hre.es\/didactica\/wp-json\/wp\/v2\/media?parent=2047"}],"curies":[{"name":"wp","href":"https:\/\/api.w.org\/{rel}","templated":true}]}}