{"id":2888,"date":"2017-02-06T09:58:09","date_gmt":"2017-02-06T08:58:09","guid":{"rendered":"https:\/\/hre.es\/didactica\/?page_id=2888\/"},"modified":"2021-12-09T16:23:20","modified_gmt":"2021-12-09T15:23:20","slug":"historia-division-didactica","status":"publish","type":"page","link":"https:\/\/hre.es\/didactica\/quienes-somos\/historia-division-didactica\/","title":{"rendered":"Historia divisi\u00f3n Did\u00e1ctica"},"content":{"rendered":"<div class=\"wpb-content-wrapper\"><p>[vc_row][vc_column]<div class=\"mgt-header-block clearfix text-left text-black wpb_content_element  mgt-header-block-style-1 mgt-header-texttransform-none  vc_custom_1499271231197\"><h2 class=\"mgt-header-block-title\">Historia de HRE Didactic<\/h2><div class=\"mgt-header-line\"><\/div><\/div>[vc_column_text]Esta unidad de negocio, HRE Didactic, nace para servir de v\u00eda de transmisi\u00f3n de los conocimientos adquiridos en nuestra unidad de negocio para la Industria hacia la sociedad y el tejido industrial del que tambi\u00e9n HRE forma parte. Para ello, procuramos desarrollar las herramientas necesarias para la formaci\u00f3n de nuevos t\u00e9cnicos y el reciclaje de los que ya est\u00e1n en activo.[\/vc_column_text][\/vc_column][\/vc_row][vc_row][vc_column][vc_separator][\/vc_column][\/vc_row][vc_row][vc_column width=\u00bb1\/4&#8243;]<div class=\"mgt-counter-wrapper wpb_content_element text-black text-left\"><span class=\"mgt-counter-value\" data-from=\"1985\" data-to=\"1985\" data-speed=\"2000\" data-decimals=\"0\">1985<\/span><\/div>[\/vc_column][vc_column width=\u00bb3\/4&#8243;][vc_column_text]Inicio de la l\u00ednea de negocio DIDACTIC en Elgoibar, desarrollando y fabricando para HYDRAULIK RING Gmbh el equipamiento did\u00e1ctico bibb de oleo-hidr\u00e1ulica y electro-hidr\u00e1ulica.[\/vc_column_text][\/vc_column][\/vc_row][vc_row][vc_column][vc_separator][\/vc_column][\/vc_row][vc_row][vc_column width=\u00bb1\/4&#8243;]<div class=\"mgt-counter-wrapper wpb_content_element text-black text-left\"><span class=\"mgt-counter-value\" data-from=\"1985\" data-to=\"1988\" data-speed=\"2000\" data-decimals=\"0\">1988<\/span><\/div>[\/vc_column][vc_column width=\u00bb3\/4&#8243;][vc_column_text]Desarrollo del programa Mini-Fluid, hidr\u00e1ulica transparente.[\/vc_column_text][\/vc_column][\/vc_row][vc_row][vc_column][vc_separator][\/vc_column][\/vc_row][vc_row][vc_column width=\u00bb1\/4&#8243;]<div class=\"mgt-counter-wrapper wpb_content_element text-black text-left\"><span class=\"mgt-counter-value\" data-from=\"1985\" data-to=\"1991\" data-speed=\"2000\" data-decimals=\"0\">1991<\/span><\/div>[\/vc_column][vc_column width=\u00bb3\/4&#8243;][vc_column_text]La gama de producto \u201cNeum\u00e1tica\u201d complementa la paleta de productos.[\/vc_column_text][\/vc_column][\/vc_row][vc_row][vc_column][vc_separator][\/vc_column][\/vc_row][vc_row][vc_column width=\u00bb1\/4&#8243;]<div class=\"mgt-counter-wrapper wpb_content_element text-black text-left\"><span class=\"mgt-counter-value\" data-from=\"1985\" data-to=\"1992\" data-speed=\"2000\" data-decimals=\"0\">1992<\/span><\/div>[\/vc_column][vc_column width=\u00bb3\/4&#8243;][vc_column_text]Construcci\u00f3n del aula de formaci\u00f3n en HRE Hidraulic e impartici\u00f3n del primer curso de formaci\u00f3n a profesores de Formaci\u00f3n Profesional del MEC.[\/vc_column_text][\/vc_column][\/vc_row][vc_row][vc_column][vc_separator][\/vc_column][\/vc_row][vc_row][vc_column width=\u00bb1\/4&#8243;]<div class=\"mgt-counter-wrapper wpb_content_element text-black text-left\"><span class=\"mgt-counter-value\" data-from=\"1985\" data-to=\"1994\" data-speed=\"2000\" data-decimals=\"0\">1994<\/span><\/div>[\/vc_column][vc_column width=\u00bb3\/4&#8243;][vc_column_text]Desarrollo del equipamiento Hidr\u00e1ulica Proporcional para responder a las necesidades de formaci\u00f3n transmitidas por nuestros clientes.[\/vc_column_text][\/vc_column][\/vc_row][vc_row][vc_column][vc_separator][\/vc_column][\/vc_row][vc_row][vc_column width=\u00bb1\/4&#8243;]<div class=\"mgt-counter-wrapper wpb_content_element text-black text-left\"><span class=\"mgt-counter-value\" data-from=\"1985\" data-to=\"1997\" data-speed=\"2000\" data-decimals=\"0\">1997<\/span><\/div>[\/vc_column][vc_column width=\u00bb3\/4&#8243;][vc_column_text]Parker Hannifin Corp. compra Hydraulik Ring, GmbH. Nueva denominaci\u00f3n de la empresa: HRE Hidraulic, S.L. y creaci\u00f3n de HRE Didactic.[\/vc_column_text][\/vc_column][\/vc_row][vc_row][vc_column][vc_separator][\/vc_column][\/vc_row][vc_row][vc_column width=\u00bb1\/4&#8243;]<div class=\"mgt-counter-wrapper wpb_content_element text-black text-left\"><span class=\"mgt-counter-value\" data-from=\"1985\" data-to=\"1998\" data-speed=\"2000\" data-decimals=\"0\">1998<\/span><\/div>[\/vc_column][vc_column width=\u00bb3\/4&#8243;][vc_column_text]Creaci\u00f3n de contenidos para cubrir las necesidades de la nueva FP en Espa\u00f1a.[\/vc_column_text][\/vc_column][\/vc_row][vc_row][vc_column][vc_separator][\/vc_column][\/vc_row][vc_row][vc_column width=\u00bb1\/4&#8243;]<div class=\"mgt-counter-wrapper wpb_content_element text-black text-left\"><span class=\"mgt-counter-value\" data-from=\"1985\" data-to=\"2000\" data-speed=\"2000\" data-decimals=\"0\">2000<\/span><\/div>[\/vc_column][vc_column width=\u00bb3\/4&#8243;][vc_column_text]Acuerdo de colaboraci\u00f3n entre HRE Hidraulic, S.L. y Willy Vogel Espa\u00f1a, S.A. y creaci\u00f3n del producto did\u00e1ctico-demostrativo \u201csistemas de lubricaci\u00f3n centralizada\u201d.[\/vc_column_text][\/vc_column][\/vc_row][vc_row][vc_column][vc_separator][\/vc_column][\/vc_row][vc_row][vc_column width=\u00bb1\/4&#8243;]<div class=\"mgt-counter-wrapper wpb_content_element text-black text-left\"><span class=\"mgt-counter-value\" data-from=\"1985\" data-to=\"2002\" data-speed=\"2000\" data-decimals=\"0\">2002<\/span><\/div>[\/vc_column][vc_column width=\u00bb3\/4&#8243;][vc_column_text]Acuerdo de colaboraci\u00f3n con la empresa Adiro Gmbh.[\/vc_column_text][\/vc_column][\/vc_row][vc_row][vc_column][vc_separator][\/vc_column][\/vc_row][vc_row][vc_column width=\u00bb1\/4&#8243;]<div class=\"mgt-counter-wrapper wpb_content_element text-black text-left\"><span class=\"mgt-counter-value\" data-from=\"1985\" data-to=\"2005\" data-speed=\"2000\" data-decimals=\"0\">2005<\/span><\/div>[\/vc_column][vc_column width=\u00bb3\/4&#8243;][vc_column_text]Firma de un contrato con la RAF para el suministro de 42 equipos de hidr\u00e1ulica transparente con destino a sus centros de formaci\u00f3n internacionales.[\/vc_column_text][\/vc_column][\/vc_row][vc_row][vc_column][vc_separator][\/vc_column][\/vc_row][vc_row][vc_column width=\u00bb1\/4&#8243;]<div class=\"mgt-counter-wrapper wpb_content_element text-black text-left\"><span class=\"mgt-counter-value\" data-from=\"1985\" data-to=\"2007\" data-speed=\"2000\" data-decimals=\"0\">2007<\/span><\/div>[\/vc_column][vc_column width=\u00bb3\/4&#8243;][vc_column_text]Desarrollo del programa propio \u201cMecatr\u00f3nica \u2013 MAF\u201d.[\/vc_column_text][\/vc_column][\/vc_row][vc_row][vc_column][vc_separator][\/vc_column][\/vc_row][vc_row][vc_column width=\u00bb1\/4&#8243;]<div class=\"mgt-counter-wrapper wpb_content_element text-black text-left\"><span class=\"mgt-counter-value\" data-from=\"1985\" data-to=\"2009\" data-speed=\"2000\" data-decimals=\"0\">2009<\/span><\/div>[\/vc_column][vc_column width=\u00bb3\/4&#8243;][vc_column_text]Estudio \u201cpipe\u201d para la internacionalizaci\u00f3n del programa de fabricaci\u00f3n de equipos formativos.[\/vc_column_text][\/vc_column][\/vc_row][vc_row][vc_column][vc_separator][\/vc_column][\/vc_row][vc_row][vc_column width=\u00bb1\/4&#8243;]<div class=\"mgt-counter-wrapper wpb_content_element text-black text-left\"><span class=\"mgt-counter-value\" data-from=\"1985\" data-to=\"2017\" data-speed=\"2000\" data-decimals=\"0\">2017<\/span><\/div>[\/vc_column][vc_column width=\u00bb3\/4&#8243;][vc_column_text]Entre los a\u00f1os 2009 y 2017 se han mantenido acuerdos de colaboraci\u00f3n con varias empresas del sector, actuando como fabricante de marca blanca.[\/vc_column_text][vc_column_text]Lanzamiento de equipamiento de oleo-hidr\u00e1ulica para el sector m\u00f3vil.[\/vc_column_text][\/vc_column][\/vc_row][vc_row][vc_column][vc_separator][\/vc_column][\/vc_row][vc_row][vc_column width=\u00bb1\/4&#8243;]<div class=\"mgt-counter-wrapper wpb_content_element text-black text-left\"><span class=\"mgt-counter-value\" data-from=\"1985\" data-to=\"2021\" data-speed=\"2000\" data-decimals=\"0\">2021<\/span><\/div>[\/vc_column][vc_column width=\u00bb3\/4&#8243;][vc_column_text]Nueva identidad corporativa y nombre comercial para reforzar el nuevo planteamiento estrat\u00e9gico.[\/vc_column_text][\/vc_column][\/vc_row][vc_row][vc_column][vc_empty_space][\/vc_column][\/vc_row][vc_row full_width=\u00bbstretch_row\u00bb css=\u00bb.vc_custom_1499271054189{padding-top: 0px !important;padding-bottom: 0px !important;background-color: #eeeeee !important;}\u00bb][vc_column]<div class=\"mgt-cta-block clearfix black-text with-text no-side-paddings wpb_content_element\" data-style=\"background-color: ;\"><div class=\"mgt-button-wrapper mgt-button-wrapper-align-right mgt-button-wrapper-display-newline mgt-button-top-margin-disable\"><a class=\"btn hvr-default mgt-button mgt-style-solid mgt-size-normal mgt-align-right mgt-display-newline mgt-text-size-normal mgt-button-icon-position-left mgt-text-transform-uppercase \" href=\"http:\/\/hre.es\/didactica\/contacto-y-localizacion\/\">Contactar con HRE<\/a><\/div><h5 class=\"mgt-cta-block-header\">Cons\u00faltenos sin compromiso<\/h5><div class=\"mgt-cta-block-content\">No dude en contactar si desea m\u00e1s informaci\u00f3n<\/div><\/div>[\/vc_column][\/vc_row]<\/p>\n<\/div>","protected":false},"excerpt":{"rendered":"<p>[vc_row][vc_column][vc_column_text]Esta unidad de negocio, HRE Didactic, nace para servir de v\u00eda de transmisi\u00f3n de los conocimientos adquiridos en nuestra unidad de negocio para la Industria hacia la sociedad y el&#8230;<\/p>\n","protected":false},"author":1,"featured_media":0,"parent":2879,"menu_order":1,"comment_status":"closed","ping_status":"closed","template":"","meta":{"footnotes":""},"class_list":["post-2888","page","type-page","status-publish","hentry"],"yoast_head":"<!-- This site is optimized with the Yoast SEO plugin v27.5 - https:\/\/yoast.com\/product\/yoast-seo-wordpress\/ -->\n<title>Historia de la divisi\u00f3n Did\u00e1ctica - HRE Did\u00e1ctica<\/title>\n<meta name=\"description\" content=\"La divisi\u00f3n Did\u00e1ctica de HRE naci\u00f3 con la objeto de desarrollar equipos para la formaci\u00f3n de los nuevos t\u00e9cnicos, apoy\u00e1ndose en su conocimiento y experiencia\" \/>\n<meta name=\"robots\" content=\"index, follow, max-snippet:-1, max-image-preview:large, max-video-preview:-1\" \/>\n<link rel=\"canonical\" href=\"https:\/\/hre.es\/didactica\/quienes-somos\/historia-division-didactica\/\" \/>\n<meta property=\"og:locale\" content=\"es_ES\" \/>\n<meta property=\"og:type\" content=\"article\" \/>\n<meta property=\"og:title\" content=\"Historia de la divisi\u00f3n Did\u00e1ctica - HRE Did\u00e1ctica\" \/>\n<meta property=\"og:description\" content=\"La divisi\u00f3n Did\u00e1ctica de HRE naci\u00f3 con la objeto de desarrollar equipos para la formaci\u00f3n de los nuevos t\u00e9cnicos, apoy\u00e1ndose en su conocimiento y experiencia\" \/>\n<meta property=\"og:url\" content=\"https:\/\/hre.es\/didactica\/quienes-somos\/historia-division-didactica\/\" \/>\n<meta property=\"og:site_name\" content=\"Divisi\u00f3n DID\u00c1CTICA de la empresa HRE\" \/>\n<meta property=\"article:modified_time\" content=\"2021-12-09T15:23:20+00:00\" \/>\n<meta name=\"twitter:card\" content=\"summary_large_image\" \/>\n<meta name=\"twitter:label1\" content=\"Tiempo de lectura\" \/>\n\t<meta name=\"twitter:data1\" content=\"5 minutos\" \/>\n<script type=\"application\/ld+json\" class=\"yoast-schema-graph\">{\"@context\":\"https:\\\/\\\/schema.org\",\"@graph\":[{\"@type\":\"WebPage\",\"@id\":\"https:\\\/\\\/hre.es\\\/didactica\\\/quienes-somos\\\/historia-division-didactica\\\/\",\"url\":\"https:\\\/\\\/hre.es\\\/didactica\\\/quienes-somos\\\/historia-division-didactica\\\/\",\"name\":\"Historia de la divisi\u00f3n Did\u00e1ctica - HRE Did\u00e1ctica\",\"isPartOf\":{\"@id\":\"https:\\\/\\\/hre.es\\\/didactica\\\/#website\"},\"datePublished\":\"2017-02-06T08:58:09+00:00\",\"dateModified\":\"2021-12-09T15:23:20+00:00\",\"description\":\"La divisi\u00f3n Did\u00e1ctica de HRE naci\u00f3 con la objeto de desarrollar equipos para la formaci\u00f3n de los nuevos t\u00e9cnicos, apoy\u00e1ndose en su conocimiento y experiencia\",\"breadcrumb\":{\"@id\":\"https:\\\/\\\/hre.es\\\/didactica\\\/quienes-somos\\\/historia-division-didactica\\\/#breadcrumb\"},\"inLanguage\":\"es\",\"potentialAction\":[{\"@type\":\"ReadAction\",\"target\":[\"https:\\\/\\\/hre.es\\\/didactica\\\/quienes-somos\\\/historia-division-didactica\\\/\"]}]},{\"@type\":\"BreadcrumbList\",\"@id\":\"https:\\\/\\\/hre.es\\\/didactica\\\/quienes-somos\\\/historia-division-didactica\\\/#breadcrumb\",\"itemListElement\":[{\"@type\":\"ListItem\",\"position\":1,\"name\":\"Portada\",\"item\":\"https:\\\/\\\/hre.es\\\/didactica\\\/\"},{\"@type\":\"ListItem\",\"position\":2,\"name\":\"Qui\u00e9nes somos\",\"item\":\"https:\\\/\\\/hre.es\\\/didactica\\\/quienes-somos\\\/\"},{\"@type\":\"ListItem\",\"position\":3,\"name\":\"Historia divisi\u00f3n Did\u00e1ctica\"}]},{\"@type\":\"WebSite\",\"@id\":\"https:\\\/\\\/hre.es\\\/didactica\\\/#website\",\"url\":\"https:\\\/\\\/hre.es\\\/didactica\\\/\",\"name\":\"Divisi\u00f3n DID\u00c1CTICA de la empresa HRE\",\"description\":\"Transmisi\u00f3n de conocimientos adquiridos durante a\u00f1os en el sector Industrial\",\"potentialAction\":[{\"@type\":\"SearchAction\",\"target\":{\"@type\":\"EntryPoint\",\"urlTemplate\":\"https:\\\/\\\/hre.es\\\/didactica\\\/?s={search_term_string}\"},\"query-input\":{\"@type\":\"PropertyValueSpecification\",\"valueRequired\":true,\"valueName\":\"search_term_string\"}}],\"inLanguage\":\"es\"}]}<\/script>\n<!-- \/ Yoast SEO plugin. -->","yoast_head_json":{"title":"Historia de la divisi\u00f3n Did\u00e1ctica - HRE Did\u00e1ctica","description":"La divisi\u00f3n Did\u00e1ctica de HRE naci\u00f3 con la objeto de desarrollar equipos para la formaci\u00f3n de los nuevos t\u00e9cnicos, apoy\u00e1ndose en su conocimiento y experiencia","robots":{"index":"index","follow":"follow","max-snippet":"max-snippet:-1","max-image-preview":"max-image-preview:large","max-video-preview":"max-video-preview:-1"},"canonical":"https:\/\/hre.es\/didactica\/quienes-somos\/historia-division-didactica\/","og_locale":"es_ES","og_type":"article","og_title":"Historia de la divisi\u00f3n Did\u00e1ctica - HRE Did\u00e1ctica","og_description":"La divisi\u00f3n Did\u00e1ctica de HRE naci\u00f3 con la objeto de desarrollar equipos para la formaci\u00f3n de los nuevos t\u00e9cnicos, apoy\u00e1ndose en su conocimiento y experiencia","og_url":"https:\/\/hre.es\/didactica\/quienes-somos\/historia-division-didactica\/","og_site_name":"Divisi\u00f3n DID\u00c1CTICA de la empresa HRE","article_modified_time":"2021-12-09T15:23:20+00:00","twitter_card":"summary_large_image","twitter_misc":{"Tiempo de lectura":"5 minutos"},"schema":{"@context":"https:\/\/schema.org","@graph":[{"@type":"WebPage","@id":"https:\/\/hre.es\/didactica\/quienes-somos\/historia-division-didactica\/","url":"https:\/\/hre.es\/didactica\/quienes-somos\/historia-division-didactica\/","name":"Historia de la divisi\u00f3n Did\u00e1ctica - HRE Did\u00e1ctica","isPartOf":{"@id":"https:\/\/hre.es\/didactica\/#website"},"datePublished":"2017-02-06T08:58:09+00:00","dateModified":"2021-12-09T15:23:20+00:00","description":"La divisi\u00f3n Did\u00e1ctica de HRE naci\u00f3 con la objeto de desarrollar equipos para la formaci\u00f3n de los nuevos t\u00e9cnicos, apoy\u00e1ndose en su conocimiento y experiencia","breadcrumb":{"@id":"https:\/\/hre.es\/didactica\/quienes-somos\/historia-division-didactica\/#breadcrumb"},"inLanguage":"es","potentialAction":[{"@type":"ReadAction","target":["https:\/\/hre.es\/didactica\/quienes-somos\/historia-division-didactica\/"]}]},{"@type":"BreadcrumbList","@id":"https:\/\/hre.es\/didactica\/quienes-somos\/historia-division-didactica\/#breadcrumb","itemListElement":[{"@type":"ListItem","position":1,"name":"Portada","item":"https:\/\/hre.es\/didactica\/"},{"@type":"ListItem","position":2,"name":"Qui\u00e9nes somos","item":"https:\/\/hre.es\/didactica\/quienes-somos\/"},{"@type":"ListItem","position":3,"name":"Historia divisi\u00f3n Did\u00e1ctica"}]},{"@type":"WebSite","@id":"https:\/\/hre.es\/didactica\/#website","url":"https:\/\/hre.es\/didactica\/","name":"Divisi\u00f3n DID\u00c1CTICA de la empresa HRE","description":"Transmisi\u00f3n de conocimientos adquiridos durante a\u00f1os en el sector Industrial","potentialAction":[{"@type":"SearchAction","target":{"@type":"EntryPoint","urlTemplate":"https:\/\/hre.es\/didactica\/?s={search_term_string}"},"query-input":{"@type":"PropertyValueSpecification","valueRequired":true,"valueName":"search_term_string"}}],"inLanguage":"es"}]}},"_links":{"self":[{"href":"https:\/\/hre.es\/didactica\/wp-json\/wp\/v2\/pages\/2888","targetHints":{"allow":["GET"]}}],"collection":[{"href":"https:\/\/hre.es\/didactica\/wp-json\/wp\/v2\/pages"}],"about":[{"href":"https:\/\/hre.es\/didactica\/wp-json\/wp\/v2\/types\/page"}],"author":[{"embeddable":true,"href":"https:\/\/hre.es\/didactica\/wp-json\/wp\/v2\/users\/1"}],"replies":[{"embeddable":true,"href":"https:\/\/hre.es\/didactica\/wp-json\/wp\/v2\/comments?post=2888"}],"version-history":[{"count":22,"href":"https:\/\/hre.es\/didactica\/wp-json\/wp\/v2\/pages\/2888\/revisions"}],"predecessor-version":[{"id":4312,"href":"https:\/\/hre.es\/didactica\/wp-json\/wp\/v2\/pages\/2888\/revisions\/4312"}],"up":[{"embeddable":true,"href":"https:\/\/hre.es\/didactica\/wp-json\/wp\/v2\/pages\/2879"}],"wp:attachment":[{"href":"https:\/\/hre.es\/didactica\/wp-json\/wp\/v2\/media?parent=2888"}],"curies":[{"name":"wp","href":"https:\/\/api.w.org\/{rel}","templated":true}]}}