{"id":2912,"date":"2017-02-06T11:27:05","date_gmt":"2017-02-06T10:27:05","guid":{"rendered":"https:\/\/hre.es\/didactica\/?page_id=2912\/"},"modified":"2021-04-15T13:23:38","modified_gmt":"2021-04-15T11:23:38","slug":"presencia-internacional","status":"publish","type":"page","link":"https:\/\/hre.es\/didactica\/quienes-somos\/presencia-internacional\/","title":{"rendered":"Presencia internacional"},"content":{"rendered":"<div class=\"wpb-content-wrapper\"><p>[vc_row][vc_column]<div class=\"mgt-header-block clearfix text-left text-black wpb_content_element  mgt-header-block-style-1 mgt-header-texttransform-none  vc_custom_1526644592495\"><h2 class=\"mgt-header-block-title\">Abiertos al mundo<\/h2><div class=\"mgt-header-line\"><\/div><\/div>[vc_column_text]El grado de desarrollo de un \u00e1rea\/regi\u00f3n depende en gran medida de la capacidad de explotar y generar conocimiento en los mercados estrat\u00e9gicos del citado pa\u00eds. As\u00ed pues, la Formaci\u00f3n se convierte en un aspecto estrat\u00e9gico clave y, por consiguiente, los actores (proveedores y formadores) que la posibilitan.[\/vc_column_text][\/vc_column][\/vc_row][vc_row][vc_column][vc_single_image image=\u00bb3696&#8243; img_size=\u00bbfull\u00bb][\/vc_column][\/vc_row][vc_row][vc_column][vc_separator style=\u00bbdotted\u00bb border_width=\u00bb3&#8243; css=\u00bb.vc_custom_1526644423981{margin-bottom: -20px !important;}\u00bb]<div class=\"mgt-cta-block clearfix black-text with-text wpb_content_element\" data-style=\"background-color: ;\"><div class=\"mgt-button-wrapper mgt-button-wrapper-align-right mgt-button-wrapper-display-newline mgt-button-top-margin-disable\"><a class=\"btn hvr-default mgt-button mgt-style-solid mgt-size-normal mgt-align-right mgt-display-newline mgt-text-size-normal mgt-button-icon-position-left mgt-text-transform-uppercase \" href=\"http:\/\/hre.es\/didactica\/contacto-y-localizacion\/\">Contactar con HRE<\/a><\/div><h5 class=\"mgt-cta-block-header\">Cons\u00faltenos sin compromiso<\/h5><div class=\"mgt-cta-block-content\">No dude en contactar si desea m\u00e1s informaci\u00f3n<\/div><\/div>[vc_separator style=\u00bbdotted\u00bb border_width=\u00bb3&#8243; css=\u00bb.vc_custom_1526644440061{margin-top: -20px !important;}\u00bb][\/vc_column][\/vc_row]<\/p>\n<\/div>","protected":false},"excerpt":{"rendered":"<p>[vc_row][vc_column][vc_column_text]El grado de desarrollo de un \u00e1rea\/regi\u00f3n depende en gran medida de la capacidad de explotar y generar conocimiento en los mercados estrat\u00e9gicos del citado pa\u00eds. As\u00ed pues, la Formaci\u00f3n&#8230;<\/p>\n","protected":false},"author":1,"featured_media":0,"parent":2879,"menu_order":4,"comment_status":"closed","ping_status":"closed","template":"","meta":{"footnotes":""},"class_list":["post-2912","page","type-page","status-publish","hentry"],"yoast_head":"<!-- This site is optimized with the Yoast SEO plugin v27.4 - https:\/\/yoast.com\/product\/yoast-seo-wordpress\/ -->\n<title>Suministro internacional de equipos did\u00e1cticos de automatizaci\u00f3n \u2013 HRE<\/title>\n<meta name=\"description\" content=\"La presencia de HRE a nivel internacional es muy importante. Actualmente estamos presentes en m\u00e1s de 25 pa\u00edses de los 5 continentes\" \/>\n<meta name=\"robots\" content=\"index, follow, max-snippet:-1, max-image-preview:large, max-video-preview:-1\" \/>\n<link rel=\"canonical\" href=\"https:\/\/hre.es\/didactica\/quienes-somos\/presencia-internacional\/\" \/>\n<meta property=\"og:locale\" content=\"es_ES\" \/>\n<meta property=\"og:type\" content=\"article\" \/>\n<meta property=\"og:title\" content=\"Suministro internacional de equipos did\u00e1cticos de automatizaci\u00f3n \u2013 HRE\" \/>\n<meta property=\"og:description\" content=\"La presencia de HRE a nivel internacional es muy importante. Actualmente estamos presentes en m\u00e1s de 25 pa\u00edses de los 5 continentes\" \/>\n<meta property=\"og:url\" content=\"https:\/\/hre.es\/didactica\/quienes-somos\/presencia-internacional\/\" \/>\n<meta property=\"og:site_name\" content=\"Divisi\u00f3n DID\u00c1CTICA de la empresa HRE\" \/>\n<meta property=\"article:modified_time\" content=\"2021-04-15T11:23:38+00:00\" \/>\n<meta name=\"twitter:card\" content=\"summary_large_image\" \/>\n<meta name=\"twitter:label1\" content=\"Tiempo de lectura\" \/>\n\t<meta name=\"twitter:data1\" content=\"1 minuto\" \/>\n<script type=\"application\/ld+json\" class=\"yoast-schema-graph\">{\"@context\":\"https:\\\/\\\/schema.org\",\"@graph\":[{\"@type\":\"WebPage\",\"@id\":\"https:\\\/\\\/hre.es\\\/didactica\\\/quienes-somos\\\/presencia-internacional\\\/\",\"url\":\"https:\\\/\\\/hre.es\\\/didactica\\\/quienes-somos\\\/presencia-internacional\\\/\",\"name\":\"Suministro internacional de equipos did\u00e1cticos de automatizaci\u00f3n \u2013 HRE\",\"isPartOf\":{\"@id\":\"https:\\\/\\\/hre.es\\\/didactica\\\/#website\"},\"datePublished\":\"2017-02-06T10:27:05+00:00\",\"dateModified\":\"2021-04-15T11:23:38+00:00\",\"description\":\"La presencia de HRE a nivel internacional es muy importante. Actualmente estamos presentes en m\u00e1s de 25 pa\u00edses de los 5 continentes\",\"breadcrumb\":{\"@id\":\"https:\\\/\\\/hre.es\\\/didactica\\\/quienes-somos\\\/presencia-internacional\\\/#breadcrumb\"},\"inLanguage\":\"es\",\"potentialAction\":[{\"@type\":\"ReadAction\",\"target\":[\"https:\\\/\\\/hre.es\\\/didactica\\\/quienes-somos\\\/presencia-internacional\\\/\"]}]},{\"@type\":\"BreadcrumbList\",\"@id\":\"https:\\\/\\\/hre.es\\\/didactica\\\/quienes-somos\\\/presencia-internacional\\\/#breadcrumb\",\"itemListElement\":[{\"@type\":\"ListItem\",\"position\":1,\"name\":\"Portada\",\"item\":\"https:\\\/\\\/hre.es\\\/didactica\\\/\"},{\"@type\":\"ListItem\",\"position\":2,\"name\":\"Qui\u00e9nes somos\",\"item\":\"https:\\\/\\\/hre.es\\\/didactica\\\/quienes-somos\\\/\"},{\"@type\":\"ListItem\",\"position\":3,\"name\":\"Presencia internacional\"}]},{\"@type\":\"WebSite\",\"@id\":\"https:\\\/\\\/hre.es\\\/didactica\\\/#website\",\"url\":\"https:\\\/\\\/hre.es\\\/didactica\\\/\",\"name\":\"Divisi\u00f3n DID\u00c1CTICA de la empresa HRE\",\"description\":\"Transmisi\u00f3n de conocimientos adquiridos durante a\u00f1os en el sector Industrial\",\"potentialAction\":[{\"@type\":\"SearchAction\",\"target\":{\"@type\":\"EntryPoint\",\"urlTemplate\":\"https:\\\/\\\/hre.es\\\/didactica\\\/?s={search_term_string}\"},\"query-input\":{\"@type\":\"PropertyValueSpecification\",\"valueRequired\":true,\"valueName\":\"search_term_string\"}}],\"inLanguage\":\"es\"}]}<\/script>\n<!-- \/ Yoast SEO plugin. -->","yoast_head_json":{"title":"Suministro internacional de equipos did\u00e1cticos de automatizaci\u00f3n \u2013 HRE","description":"La presencia de HRE a nivel internacional es muy importante. Actualmente estamos presentes en m\u00e1s de 25 pa\u00edses de los 5 continentes","robots":{"index":"index","follow":"follow","max-snippet":"max-snippet:-1","max-image-preview":"max-image-preview:large","max-video-preview":"max-video-preview:-1"},"canonical":"https:\/\/hre.es\/didactica\/quienes-somos\/presencia-internacional\/","og_locale":"es_ES","og_type":"article","og_title":"Suministro internacional de equipos did\u00e1cticos de automatizaci\u00f3n \u2013 HRE","og_description":"La presencia de HRE a nivel internacional es muy importante. Actualmente estamos presentes en m\u00e1s de 25 pa\u00edses de los 5 continentes","og_url":"https:\/\/hre.es\/didactica\/quienes-somos\/presencia-internacional\/","og_site_name":"Divisi\u00f3n DID\u00c1CTICA de la empresa HRE","article_modified_time":"2021-04-15T11:23:38+00:00","twitter_card":"summary_large_image","twitter_misc":{"Tiempo de lectura":"1 minuto"},"schema":{"@context":"https:\/\/schema.org","@graph":[{"@type":"WebPage","@id":"https:\/\/hre.es\/didactica\/quienes-somos\/presencia-internacional\/","url":"https:\/\/hre.es\/didactica\/quienes-somos\/presencia-internacional\/","name":"Suministro internacional de equipos did\u00e1cticos de automatizaci\u00f3n \u2013 HRE","isPartOf":{"@id":"https:\/\/hre.es\/didactica\/#website"},"datePublished":"2017-02-06T10:27:05+00:00","dateModified":"2021-04-15T11:23:38+00:00","description":"La presencia de HRE a nivel internacional es muy importante. Actualmente estamos presentes en m\u00e1s de 25 pa\u00edses de los 5 continentes","breadcrumb":{"@id":"https:\/\/hre.es\/didactica\/quienes-somos\/presencia-internacional\/#breadcrumb"},"inLanguage":"es","potentialAction":[{"@type":"ReadAction","target":["https:\/\/hre.es\/didactica\/quienes-somos\/presencia-internacional\/"]}]},{"@type":"BreadcrumbList","@id":"https:\/\/hre.es\/didactica\/quienes-somos\/presencia-internacional\/#breadcrumb","itemListElement":[{"@type":"ListItem","position":1,"name":"Portada","item":"https:\/\/hre.es\/didactica\/"},{"@type":"ListItem","position":2,"name":"Qui\u00e9nes somos","item":"https:\/\/hre.es\/didactica\/quienes-somos\/"},{"@type":"ListItem","position":3,"name":"Presencia internacional"}]},{"@type":"WebSite","@id":"https:\/\/hre.es\/didactica\/#website","url":"https:\/\/hre.es\/didactica\/","name":"Divisi\u00f3n DID\u00c1CTICA de la empresa HRE","description":"Transmisi\u00f3n de conocimientos adquiridos durante a\u00f1os en el sector Industrial","potentialAction":[{"@type":"SearchAction","target":{"@type":"EntryPoint","urlTemplate":"https:\/\/hre.es\/didactica\/?s={search_term_string}"},"query-input":{"@type":"PropertyValueSpecification","valueRequired":true,"valueName":"search_term_string"}}],"inLanguage":"es"}]}},"_links":{"self":[{"href":"https:\/\/hre.es\/didactica\/wp-json\/wp\/v2\/pages\/2912","targetHints":{"allow":["GET"]}}],"collection":[{"href":"https:\/\/hre.es\/didactica\/wp-json\/wp\/v2\/pages"}],"about":[{"href":"https:\/\/hre.es\/didactica\/wp-json\/wp\/v2\/types\/page"}],"author":[{"embeddable":true,"href":"https:\/\/hre.es\/didactica\/wp-json\/wp\/v2\/users\/1"}],"replies":[{"embeddable":true,"href":"https:\/\/hre.es\/didactica\/wp-json\/wp\/v2\/comments?post=2912"}],"version-history":[{"count":14,"href":"https:\/\/hre.es\/didactica\/wp-json\/wp\/v2\/pages\/2912\/revisions"}],"predecessor-version":[{"id":3367,"href":"https:\/\/hre.es\/didactica\/wp-json\/wp\/v2\/pages\/2912\/revisions\/3367"}],"up":[{"embeddable":true,"href":"https:\/\/hre.es\/didactica\/wp-json\/wp\/v2\/pages\/2879"}],"wp:attachment":[{"href":"https:\/\/hre.es\/didactica\/wp-json\/wp\/v2\/media?parent=2912"}],"curies":[{"name":"wp","href":"https:\/\/api.w.org\/{rel}","templated":true}]}}