{"id":2978,"date":"2017-02-06T16:16:29","date_gmt":"2017-02-06T15:16:29","guid":{"rendered":"https:\/\/hre.es\/didactica\/?page_id=2978\/"},"modified":"2023-05-08T12:52:59","modified_gmt":"2023-05-08T10:52:59","slug":"sensorica","status":"publish","type":"page","link":"https:\/\/hre.es\/didactica\/equipamiento-didactico\/sensorica\/","title":{"rendered":"Equipamiento did\u00e1ctico de sens\u00f3rica"},"content":{"rendered":"<div class=\"wpb-content-wrapper\"><p>[vc_row equal_height=\u00bbyes\u00bb][vc_column css=\u00bb.vc_custom_1460641256688{margin-right: 0px !important;padding-right: 0px !important;}\u00bb][vc_single_image image=\u00bb3549&#8243; img_size=\u00bbfull\u00bb][vc_column_text]El desarrollo de todo tipo de sensores ha sido fundamental para la captaci\u00f3n de informaci\u00f3n utilizable en multitud de procesos de automatizaci\u00f3n industrial y m\u00f3vil. La importancia de su ense\u00f1anza ha sido a veces minusvalorada limit\u00e1ndose al uso puntual de alg\u00fan detector concreto, lo que ha generado un vac\u00edo formativo que repercute en las capacidades de los nuevos t\u00e9cnicos.<\/p>\n<p>Este equipamiento permite un aprendizaje moderno, r\u00e1pido, conciso y claro sobre las caracter\u00edsticas, aplicaciones y particularidades de los tipos de sensores m\u00e1s comunes en el mercado.<\/p>\n<p>Su ense\u00f1anza es necesaria en todas aquellas especialidades relacionadas con el mantenimiento, fabricaci\u00f3n mec\u00e1nica, automatismos, automoci\u00f3n, maquinaria m\u00f3vil y de obra p\u00fablica, regulaci\u00f3n y control, ingenier\u00eda, etc.[\/vc_column_text][vc_row_inner][vc_column_inner]<div class=\"mgt-button-wrapper mgt-button-wrapper-align-left mgt-button-wrapper-display-inline mgt-button-top-margin-disable\"><a class=\"btn hvr-icon-wobble-horizontal mgt-button mgt-style-solid mgt-size-normal mgt-align-left mgt-display-inline mgt-text-size-normal mgt-button-icon-position-left mgt-text-transform-uppercase  wpb_animate_when_almost_visible wpb_appear\" href=\"https:\/\/hre.es\/didactica\/cat\/Sensorica-SEN-05-23.pdf\" target=\"_blank\"><i class=\"fa fa-file-pdf-o\"><\/i>Consultar cat\u00e1logo espec\u00edfico<\/a><\/div><div class=\"mgt-button-wrapper mgt-button-wrapper-align-left mgt-button-wrapper-display-inline mgt-button-top-margin-disable\"><a class=\"btn hvr-icon-wobble-horizontal mgt-button mgt-style-borderedblack mgt-size-normal mgt-align-left mgt-display-inline mgt-text-size-normal mgt-button-icon-position-right mgt-text-transform-uppercase  wpb_animate_when_almost_visible wpb_appear\" href=\"http:\/\/hre.es\/didactica\/contacto-y-localizacion\/\">Solicitar oferta<i class=\"fa fa-fas fa-info\"><\/i><\/a><\/div>[\/vc_column_inner][\/vc_row_inner][\/vc_column][\/vc_row][vc_row][vc_column][vc_empty_space][\/vc_column][\/vc_row][vc_row css=\u00bb.vc_custom_1526640457115{padding-top: 0px !important;padding-bottom: 0px !important;}\u00bb][vc_column][vc_separator style=\u00bbdotted\u00bb border_width=\u00bb3&#8243; css=\u00bb.vc_custom_1526640511629{margin-bottom: -20px !important;}\u00bb]<div class=\"mgt-cta-block clearfix black-text with-text wpb_content_element\" data-style=\"background-color: ;\"><div class=\"mgt-button-wrapper mgt-button-wrapper-align-right mgt-button-wrapper-display-newline mgt-button-top-margin-disable\"><a class=\"btn hvr-default mgt-button mgt-style-solid mgt-size-normal mgt-align-right mgt-display-newline mgt-text-size-normal mgt-button-icon-position-left mgt-text-transform-uppercase \" href=\"http:\/\/hre.es\/didactica\/contacto-y-localizacion\/\">Contactar con HRE<\/a><\/div><h5 class=\"mgt-cta-block-header\">Cons\u00faltenos sin compromiso<\/h5><div class=\"mgt-cta-block-content\">No dude en contactar si desea m\u00e1s informaci\u00f3n<\/div><\/div>[vc_separator style=\u00bbdotted\u00bb border_width=\u00bb3&#8243; css=\u00bb.vc_custom_1526640495862{margin-top: -20px !important;}\u00bb][\/vc_column][\/vc_row]<\/p>\n<\/div>","protected":false},"excerpt":{"rendered":"<p>[vc_row equal_height=\u00bbyes\u00bb][vc_column css=\u00bb.vc_custom_1460641256688{margin-right: 0px !important;padding-right: 0px !important;}\u00bb][vc_single_image image=\u00bb3549&#8243; img_size=\u00bbfull\u00bb][vc_column_text]El desarrollo de todo tipo de sensores ha sido fundamental para la captaci\u00f3n de informaci\u00f3n utilizable en multitud de procesos de automatizaci\u00f3n&#8230;<\/p>\n","protected":false},"author":1,"featured_media":0,"parent":2919,"menu_order":3,"comment_status":"closed","ping_status":"closed","template":"","meta":{"footnotes":""},"class_list":["post-2978","page","type-page","status-publish","hentry"],"yoast_head":"<!-- This site is optimized with the Yoast SEO plugin v27.3 - https:\/\/yoast.com\/product\/yoast-seo-wordpress\/ -->\n<title>Equipamiento did\u00e1ctico de la Sens\u00f3rica para un aprendizaje m\u00e1s sencillo<\/title>\n<meta name=\"description\" content=\"Te ofrecemos el equipamiento did\u00e1ctico apropiado para un uso pedag\u00f3gico apropiado de la Sens\u00f3rica en procesos industriales.\" \/>\n<meta name=\"robots\" content=\"index, follow, max-snippet:-1, max-image-preview:large, max-video-preview:-1\" \/>\n<link rel=\"canonical\" href=\"https:\/\/hre.es\/didactica\/equipamiento-didactico\/sensorica\/\" \/>\n<meta property=\"og:locale\" content=\"es_ES\" \/>\n<meta property=\"og:type\" content=\"article\" \/>\n<meta property=\"og:title\" content=\"Equipamiento did\u00e1ctico de la Sens\u00f3rica para un aprendizaje m\u00e1s sencillo\" \/>\n<meta property=\"og:description\" content=\"Te ofrecemos el equipamiento did\u00e1ctico apropiado para un uso pedag\u00f3gico apropiado de la Sens\u00f3rica en procesos industriales.\" \/>\n<meta property=\"og:url\" content=\"https:\/\/hre.es\/didactica\/equipamiento-didactico\/sensorica\/\" \/>\n<meta property=\"og:site_name\" content=\"Divisi\u00f3n DID\u00c1CTICA de la empresa HRE\" \/>\n<meta property=\"article:modified_time\" content=\"2023-05-08T10:52:59+00:00\" \/>\n<meta name=\"twitter:card\" content=\"summary_large_image\" \/>\n<meta name=\"twitter:label1\" content=\"Tiempo de lectura\" \/>\n\t<meta name=\"twitter:data1\" content=\"1 minuto\" \/>\n<script type=\"application\/ld+json\" class=\"yoast-schema-graph\">{\"@context\":\"https:\\\/\\\/schema.org\",\"@graph\":[{\"@type\":\"WebPage\",\"@id\":\"https:\\\/\\\/hre.es\\\/didactica\\\/equipamiento-didactico\\\/sensorica\\\/\",\"url\":\"https:\\\/\\\/hre.es\\\/didactica\\\/equipamiento-didactico\\\/sensorica\\\/\",\"name\":\"Equipamiento did\u00e1ctico de la Sens\u00f3rica para un aprendizaje m\u00e1s sencillo\",\"isPartOf\":{\"@id\":\"https:\\\/\\\/hre.es\\\/didactica\\\/#website\"},\"datePublished\":\"2017-02-06T15:16:29+00:00\",\"dateModified\":\"2023-05-08T10:52:59+00:00\",\"description\":\"Te ofrecemos el equipamiento did\u00e1ctico apropiado para un uso pedag\u00f3gico apropiado de la Sens\u00f3rica en procesos industriales.\",\"breadcrumb\":{\"@id\":\"https:\\\/\\\/hre.es\\\/didactica\\\/equipamiento-didactico\\\/sensorica\\\/#breadcrumb\"},\"inLanguage\":\"es\",\"potentialAction\":[{\"@type\":\"ReadAction\",\"target\":[\"https:\\\/\\\/hre.es\\\/didactica\\\/equipamiento-didactico\\\/sensorica\\\/\"]}]},{\"@type\":\"BreadcrumbList\",\"@id\":\"https:\\\/\\\/hre.es\\\/didactica\\\/equipamiento-didactico\\\/sensorica\\\/#breadcrumb\",\"itemListElement\":[{\"@type\":\"ListItem\",\"position\":1,\"name\":\"Portada\",\"item\":\"https:\\\/\\\/hre.es\\\/didactica\\\/\"},{\"@type\":\"ListItem\",\"position\":2,\"name\":\"Equipamiento did\u00e1ctico\",\"item\":\"https:\\\/\\\/hre.es\\\/didactica\\\/equipamiento-didactico\\\/\"},{\"@type\":\"ListItem\",\"position\":3,\"name\":\"Equipamiento did\u00e1ctico de sens\u00f3rica\"}]},{\"@type\":\"WebSite\",\"@id\":\"https:\\\/\\\/hre.es\\\/didactica\\\/#website\",\"url\":\"https:\\\/\\\/hre.es\\\/didactica\\\/\",\"name\":\"Divisi\u00f3n DID\u00c1CTICA de la empresa HRE\",\"description\":\"Transmisi\u00f3n de conocimientos adquiridos durante a\u00f1os en el sector Industrial\",\"potentialAction\":[{\"@type\":\"SearchAction\",\"target\":{\"@type\":\"EntryPoint\",\"urlTemplate\":\"https:\\\/\\\/hre.es\\\/didactica\\\/?s={search_term_string}\"},\"query-input\":{\"@type\":\"PropertyValueSpecification\",\"valueRequired\":true,\"valueName\":\"search_term_string\"}}],\"inLanguage\":\"es\"}]}<\/script>\n<!-- \/ Yoast SEO plugin. -->","yoast_head_json":{"title":"Equipamiento did\u00e1ctico de la Sens\u00f3rica para un aprendizaje m\u00e1s sencillo","description":"Te ofrecemos el equipamiento did\u00e1ctico apropiado para un uso pedag\u00f3gico apropiado de la Sens\u00f3rica en procesos industriales.","robots":{"index":"index","follow":"follow","max-snippet":"max-snippet:-1","max-image-preview":"max-image-preview:large","max-video-preview":"max-video-preview:-1"},"canonical":"https:\/\/hre.es\/didactica\/equipamiento-didactico\/sensorica\/","og_locale":"es_ES","og_type":"article","og_title":"Equipamiento did\u00e1ctico de la Sens\u00f3rica para un aprendizaje m\u00e1s sencillo","og_description":"Te ofrecemos el equipamiento did\u00e1ctico apropiado para un uso pedag\u00f3gico apropiado de la Sens\u00f3rica en procesos industriales.","og_url":"https:\/\/hre.es\/didactica\/equipamiento-didactico\/sensorica\/","og_site_name":"Divisi\u00f3n DID\u00c1CTICA de la empresa HRE","article_modified_time":"2023-05-08T10:52:59+00:00","twitter_card":"summary_large_image","twitter_misc":{"Tiempo de lectura":"1 minuto"},"schema":{"@context":"https:\/\/schema.org","@graph":[{"@type":"WebPage","@id":"https:\/\/hre.es\/didactica\/equipamiento-didactico\/sensorica\/","url":"https:\/\/hre.es\/didactica\/equipamiento-didactico\/sensorica\/","name":"Equipamiento did\u00e1ctico de la Sens\u00f3rica para un aprendizaje m\u00e1s sencillo","isPartOf":{"@id":"https:\/\/hre.es\/didactica\/#website"},"datePublished":"2017-02-06T15:16:29+00:00","dateModified":"2023-05-08T10:52:59+00:00","description":"Te ofrecemos el equipamiento did\u00e1ctico apropiado para un uso pedag\u00f3gico apropiado de la Sens\u00f3rica en procesos industriales.","breadcrumb":{"@id":"https:\/\/hre.es\/didactica\/equipamiento-didactico\/sensorica\/#breadcrumb"},"inLanguage":"es","potentialAction":[{"@type":"ReadAction","target":["https:\/\/hre.es\/didactica\/equipamiento-didactico\/sensorica\/"]}]},{"@type":"BreadcrumbList","@id":"https:\/\/hre.es\/didactica\/equipamiento-didactico\/sensorica\/#breadcrumb","itemListElement":[{"@type":"ListItem","position":1,"name":"Portada","item":"https:\/\/hre.es\/didactica\/"},{"@type":"ListItem","position":2,"name":"Equipamiento did\u00e1ctico","item":"https:\/\/hre.es\/didactica\/equipamiento-didactico\/"},{"@type":"ListItem","position":3,"name":"Equipamiento did\u00e1ctico de sens\u00f3rica"}]},{"@type":"WebSite","@id":"https:\/\/hre.es\/didactica\/#website","url":"https:\/\/hre.es\/didactica\/","name":"Divisi\u00f3n DID\u00c1CTICA de la empresa HRE","description":"Transmisi\u00f3n de conocimientos adquiridos durante a\u00f1os en el sector Industrial","potentialAction":[{"@type":"SearchAction","target":{"@type":"EntryPoint","urlTemplate":"https:\/\/hre.es\/didactica\/?s={search_term_string}"},"query-input":{"@type":"PropertyValueSpecification","valueRequired":true,"valueName":"search_term_string"}}],"inLanguage":"es"}]}},"_links":{"self":[{"href":"https:\/\/hre.es\/didactica\/wp-json\/wp\/v2\/pages\/2978","targetHints":{"allow":["GET"]}}],"collection":[{"href":"https:\/\/hre.es\/didactica\/wp-json\/wp\/v2\/pages"}],"about":[{"href":"https:\/\/hre.es\/didactica\/wp-json\/wp\/v2\/types\/page"}],"author":[{"embeddable":true,"href":"https:\/\/hre.es\/didactica\/wp-json\/wp\/v2\/users\/1"}],"replies":[{"embeddable":true,"href":"https:\/\/hre.es\/didactica\/wp-json\/wp\/v2\/comments?post=2978"}],"version-history":[{"count":17,"href":"https:\/\/hre.es\/didactica\/wp-json\/wp\/v2\/pages\/2978\/revisions"}],"predecessor-version":[{"id":4617,"href":"https:\/\/hre.es\/didactica\/wp-json\/wp\/v2\/pages\/2978\/revisions\/4617"}],"up":[{"embeddable":true,"href":"https:\/\/hre.es\/didactica\/wp-json\/wp\/v2\/pages\/2919"}],"wp:attachment":[{"href":"https:\/\/hre.es\/didactica\/wp-json\/wp\/v2\/media?parent=2978"}],"curies":[{"name":"wp","href":"https:\/\/api.w.org\/{rel}","templated":true}]}}