{"id":2987,"date":"2017-02-06T16:24:35","date_gmt":"2017-02-06T15:24:35","guid":{"rendered":"https:\/\/hre.es\/didactica\/?page_id=2987\/"},"modified":"2026-04-07T16:51:23","modified_gmt":"2026-04-07T14:51:23","slug":"mecatronica","status":"publish","type":"page","link":"https:\/\/hre.es\/didactica\/equipamiento-didactico\/mecatronica\/","title":{"rendered":"Equipamiento did\u00e1ctico de mecatr\u00f3nica y servosistemas"},"content":{"rendered":"<div class=\"wpb-content-wrapper\"><p>[vc_row equal_height=\u00bbyes\u00bb][vc_column css=\u00bb.vc_custom_1460641256688{margin-right: 0px !important;padding-right: 0px !important;}\u00bb][vc_single_image image=\u00bb3557&#8243; img_size=\u00bbfull\u00bb][vc_column_text]La combinaci\u00f3n cada vez m\u00e1s generalizada de diferentes tecnolog\u00edas en los sistemas autom\u00e1ticos industriales hace que los t\u00e9cnicos necesiten ser claramente multidisciplinares y capaces de abordar problemas de dise\u00f1o y mantenimiento que competan tecnolog\u00edas variadas como la mec\u00e1nica, hidr\u00e1ulica, neum\u00e1tica, electrotecnia, electr\u00f3nica, sens\u00f3rica, comunicaciones, etc. Este equipamiento es la clave.<\/p>\n<p>Su uso es totalmente necesario en todas aquellas especialidades relacionadas con el mantenimiento, fabricaci\u00f3n mec\u00e1nica, automatismos, regulaci\u00f3n y control, ingenier\u00eda, etc.[\/vc_column_text][vc_row_inner][vc_column_inner]<div class=\"mgt-button-wrapper mgt-button-wrapper-align-left mgt-button-wrapper-display-inline mgt-button-top-margin-disable\"><a class=\"btn hvr-icon-wobble-horizontal mgt-button mgt-style-solid mgt-size-normal mgt-align-left mgt-display-inline mgt-text-size-normal mgt-button-icon-position-left mgt-text-transform-uppercase  wpb_animate_when_almost_visible wpb_appear\" href=\"http:\/\/hre.es\/didactica\/cat\/Mecatronica-MAF-03-26.pdf\" target=\"_blank\"><i class=\"fa fa-file-pdf-o\"><\/i>Consultar cat\u00e1logo espec\u00edfico<\/a><\/div><div class=\"mgt-button-wrapper mgt-button-wrapper-align-left mgt-button-wrapper-display-inline mgt-button-top-margin-disable\"><a class=\"btn hvr-icon-wobble-horizontal mgt-button mgt-style-borderedblack mgt-size-normal mgt-align-left mgt-display-inline mgt-text-size-normal mgt-button-icon-position-right mgt-text-transform-uppercase  wpb_animate_when_almost_visible wpb_appear\" href=\"http:\/\/hre.es\/didactica\/contacto-y-localizacion\/\">Solicitar oferta<i class=\"fa fa-fas fa-info\"><\/i><\/a><\/div>[\/vc_column_inner][\/vc_row_inner][\/vc_column][\/vc_row][vc_row][vc_column][vc_empty_space][\/vc_column][\/vc_row][vc_row css=\u00bb.vc_custom_1535723269232{padding-top: 0px !important;padding-bottom: 0px !important;}\u00bb][vc_column][vc_separator style=\u00bbdotted\u00bb border_width=\u00bb3&#8243; css=\u00bb.vc_custom_1535723289844{margin-bottom: -20px !important;}\u00bb]<div class=\"mgt-cta-block clearfix black-text with-text wpb_content_element\" data-style=\"background-color: ;\"><div class=\"mgt-button-wrapper mgt-button-wrapper-align-right mgt-button-wrapper-display-newline mgt-button-top-margin-disable\"><a class=\"btn hvr-default mgt-button mgt-style-solid mgt-size-normal mgt-align-right mgt-display-newline mgt-text-size-normal mgt-button-icon-position-left mgt-text-transform-uppercase \" href=\"http:\/\/hre.es\/didactica\/contacto-y-localizacion\/\">\u00bfPodemos ayudarle?<\/a><\/div><h5 class=\"mgt-cta-block-header\">Cons\u00faltenos sin compromiso<\/h5><div class=\"mgt-cta-block-content\">No dude en contactar si desea m\u00e1s informaci\u00f3n<\/div><\/div>[vc_separator style=\u00bbdotted\u00bb border_width=\u00bb3&#8243; css=\u00bb.vc_custom_1535723313915{margin-top: -20px !important;}\u00bb][\/vc_column][\/vc_row]<\/p>\n<\/div>","protected":false},"excerpt":{"rendered":"<p>[vc_row equal_height=\u00bbyes\u00bb][vc_column css=\u00bb.vc_custom_1460641256688{margin-right: 0px !important;padding-right: 0px !important;}\u00bb][vc_single_image image=\u00bb3557&#8243; img_size=\u00bbfull\u00bb][vc_column_text]La combinaci\u00f3n cada vez m\u00e1s generalizada de diferentes tecnolog\u00edas en los sistemas autom\u00e1ticos industriales hace que los t\u00e9cnicos necesiten ser claramente multidisciplinares&#8230;<\/p>\n","protected":false},"author":1,"featured_media":0,"parent":2919,"menu_order":5,"comment_status":"closed","ping_status":"closed","template":"","meta":{"footnotes":""},"class_list":["post-2987","page","type-page","status-publish","hentry"],"yoast_head":"<!-- This site is optimized with the Yoast SEO plugin v27.5 - https:\/\/yoast.com\/product\/yoast-seo-wordpress\/ -->\n<title>Equipamiento did\u00e1ctico de Mecatr\u00f3nica para sistemas industriales<\/title>\n<meta name=\"description\" content=\"La mecatr\u00f3nica es una disciplina muy utilizada en la actualidad, en HRE Hidraulic disponemos de equipamiento acad\u00e9mico para facilitar su aprendizaje.\" \/>\n<meta name=\"robots\" content=\"index, follow, max-snippet:-1, max-image-preview:large, max-video-preview:-1\" \/>\n<link rel=\"canonical\" href=\"https:\/\/hre.es\/didactica\/equipamiento-didactico\/mecatronica\/\" \/>\n<meta property=\"og:locale\" content=\"es_ES\" \/>\n<meta property=\"og:type\" content=\"article\" \/>\n<meta property=\"og:title\" content=\"Equipamiento did\u00e1ctico de Mecatr\u00f3nica para sistemas industriales\" \/>\n<meta property=\"og:description\" content=\"La mecatr\u00f3nica es una disciplina muy utilizada en la actualidad, en HRE Hidraulic disponemos de equipamiento acad\u00e9mico para facilitar su aprendizaje.\" \/>\n<meta property=\"og:url\" content=\"https:\/\/hre.es\/didactica\/equipamiento-didactico\/mecatronica\/\" \/>\n<meta property=\"og:site_name\" content=\"Divisi\u00f3n DID\u00c1CTICA de la empresa HRE\" \/>\n<meta property=\"article:modified_time\" content=\"2026-04-07T14:51:23+00:00\" \/>\n<meta name=\"twitter:card\" content=\"summary_large_image\" \/>\n<meta name=\"twitter:label1\" content=\"Tiempo de lectura\" \/>\n\t<meta name=\"twitter:data1\" content=\"1 minuto\" \/>\n<script type=\"application\/ld+json\" class=\"yoast-schema-graph\">{\"@context\":\"https:\\\/\\\/schema.org\",\"@graph\":[{\"@type\":\"WebPage\",\"@id\":\"https:\\\/\\\/hre.es\\\/didactica\\\/equipamiento-didactico\\\/mecatronica\\\/\",\"url\":\"https:\\\/\\\/hre.es\\\/didactica\\\/equipamiento-didactico\\\/mecatronica\\\/\",\"name\":\"Equipamiento did\u00e1ctico de Mecatr\u00f3nica para sistemas industriales\",\"isPartOf\":{\"@id\":\"https:\\\/\\\/hre.es\\\/didactica\\\/#website\"},\"datePublished\":\"2017-02-06T15:24:35+00:00\",\"dateModified\":\"2026-04-07T14:51:23+00:00\",\"description\":\"La mecatr\u00f3nica es una disciplina muy utilizada en la actualidad, en HRE Hidraulic disponemos de equipamiento acad\u00e9mico para facilitar su aprendizaje.\",\"breadcrumb\":{\"@id\":\"https:\\\/\\\/hre.es\\\/didactica\\\/equipamiento-didactico\\\/mecatronica\\\/#breadcrumb\"},\"inLanguage\":\"es\",\"potentialAction\":[{\"@type\":\"ReadAction\",\"target\":[\"https:\\\/\\\/hre.es\\\/didactica\\\/equipamiento-didactico\\\/mecatronica\\\/\"]}]},{\"@type\":\"BreadcrumbList\",\"@id\":\"https:\\\/\\\/hre.es\\\/didactica\\\/equipamiento-didactico\\\/mecatronica\\\/#breadcrumb\",\"itemListElement\":[{\"@type\":\"ListItem\",\"position\":1,\"name\":\"Portada\",\"item\":\"https:\\\/\\\/hre.es\\\/didactica\\\/\"},{\"@type\":\"ListItem\",\"position\":2,\"name\":\"Equipamiento did\u00e1ctico\",\"item\":\"https:\\\/\\\/hre.es\\\/didactica\\\/equipamiento-didactico\\\/\"},{\"@type\":\"ListItem\",\"position\":3,\"name\":\"Equipamiento did\u00e1ctico de mecatr\u00f3nica y servosistemas\"}]},{\"@type\":\"WebSite\",\"@id\":\"https:\\\/\\\/hre.es\\\/didactica\\\/#website\",\"url\":\"https:\\\/\\\/hre.es\\\/didactica\\\/\",\"name\":\"Divisi\u00f3n DID\u00c1CTICA de la empresa HRE\",\"description\":\"Transmisi\u00f3n de conocimientos adquiridos durante a\u00f1os en el sector Industrial\",\"potentialAction\":[{\"@type\":\"SearchAction\",\"target\":{\"@type\":\"EntryPoint\",\"urlTemplate\":\"https:\\\/\\\/hre.es\\\/didactica\\\/?s={search_term_string}\"},\"query-input\":{\"@type\":\"PropertyValueSpecification\",\"valueRequired\":true,\"valueName\":\"search_term_string\"}}],\"inLanguage\":\"es\"}]}<\/script>\n<!-- \/ Yoast SEO plugin. -->","yoast_head_json":{"title":"Equipamiento did\u00e1ctico de Mecatr\u00f3nica para sistemas industriales","description":"La mecatr\u00f3nica es una disciplina muy utilizada en la actualidad, en HRE Hidraulic disponemos de equipamiento acad\u00e9mico para facilitar su aprendizaje.","robots":{"index":"index","follow":"follow","max-snippet":"max-snippet:-1","max-image-preview":"max-image-preview:large","max-video-preview":"max-video-preview:-1"},"canonical":"https:\/\/hre.es\/didactica\/equipamiento-didactico\/mecatronica\/","og_locale":"es_ES","og_type":"article","og_title":"Equipamiento did\u00e1ctico de Mecatr\u00f3nica para sistemas industriales","og_description":"La mecatr\u00f3nica es una disciplina muy utilizada en la actualidad, en HRE Hidraulic disponemos de equipamiento acad\u00e9mico para facilitar su aprendizaje.","og_url":"https:\/\/hre.es\/didactica\/equipamiento-didactico\/mecatronica\/","og_site_name":"Divisi\u00f3n DID\u00c1CTICA de la empresa HRE","article_modified_time":"2026-04-07T14:51:23+00:00","twitter_card":"summary_large_image","twitter_misc":{"Tiempo de lectura":"1 minuto"},"schema":{"@context":"https:\/\/schema.org","@graph":[{"@type":"WebPage","@id":"https:\/\/hre.es\/didactica\/equipamiento-didactico\/mecatronica\/","url":"https:\/\/hre.es\/didactica\/equipamiento-didactico\/mecatronica\/","name":"Equipamiento did\u00e1ctico de Mecatr\u00f3nica para sistemas industriales","isPartOf":{"@id":"https:\/\/hre.es\/didactica\/#website"},"datePublished":"2017-02-06T15:24:35+00:00","dateModified":"2026-04-07T14:51:23+00:00","description":"La mecatr\u00f3nica es una disciplina muy utilizada en la actualidad, en HRE Hidraulic disponemos de equipamiento acad\u00e9mico para facilitar su aprendizaje.","breadcrumb":{"@id":"https:\/\/hre.es\/didactica\/equipamiento-didactico\/mecatronica\/#breadcrumb"},"inLanguage":"es","potentialAction":[{"@type":"ReadAction","target":["https:\/\/hre.es\/didactica\/equipamiento-didactico\/mecatronica\/"]}]},{"@type":"BreadcrumbList","@id":"https:\/\/hre.es\/didactica\/equipamiento-didactico\/mecatronica\/#breadcrumb","itemListElement":[{"@type":"ListItem","position":1,"name":"Portada","item":"https:\/\/hre.es\/didactica\/"},{"@type":"ListItem","position":2,"name":"Equipamiento did\u00e1ctico","item":"https:\/\/hre.es\/didactica\/equipamiento-didactico\/"},{"@type":"ListItem","position":3,"name":"Equipamiento did\u00e1ctico de mecatr\u00f3nica y servosistemas"}]},{"@type":"WebSite","@id":"https:\/\/hre.es\/didactica\/#website","url":"https:\/\/hre.es\/didactica\/","name":"Divisi\u00f3n DID\u00c1CTICA de la empresa HRE","description":"Transmisi\u00f3n de conocimientos adquiridos durante a\u00f1os en el sector Industrial","potentialAction":[{"@type":"SearchAction","target":{"@type":"EntryPoint","urlTemplate":"https:\/\/hre.es\/didactica\/?s={search_term_string}"},"query-input":{"@type":"PropertyValueSpecification","valueRequired":true,"valueName":"search_term_string"}}],"inLanguage":"es"}]}},"_links":{"self":[{"href":"https:\/\/hre.es\/didactica\/wp-json\/wp\/v2\/pages\/2987","targetHints":{"allow":["GET"]}}],"collection":[{"href":"https:\/\/hre.es\/didactica\/wp-json\/wp\/v2\/pages"}],"about":[{"href":"https:\/\/hre.es\/didactica\/wp-json\/wp\/v2\/types\/page"}],"author":[{"embeddable":true,"href":"https:\/\/hre.es\/didactica\/wp-json\/wp\/v2\/users\/1"}],"replies":[{"embeddable":true,"href":"https:\/\/hre.es\/didactica\/wp-json\/wp\/v2\/comments?post=2987"}],"version-history":[{"count":21,"href":"https:\/\/hre.es\/didactica\/wp-json\/wp\/v2\/pages\/2987\/revisions"}],"predecessor-version":[{"id":4739,"href":"https:\/\/hre.es\/didactica\/wp-json\/wp\/v2\/pages\/2987\/revisions\/4739"}],"up":[{"embeddable":true,"href":"https:\/\/hre.es\/didactica\/wp-json\/wp\/v2\/pages\/2919"}],"wp:attachment":[{"href":"https:\/\/hre.es\/didactica\/wp-json\/wp\/v2\/media?parent=2987"}],"curies":[{"name":"wp","href":"https:\/\/api.w.org\/{rel}","templated":true}]}}