{"id":2997,"date":"2017-02-06T16:42:36","date_gmt":"2017-02-06T15:42:36","guid":{"rendered":"https:\/\/hre.es\/didactica\/?page_id=2997\/"},"modified":"2021-04-15T16:28:47","modified_gmt":"2021-04-15T14:28:47","slug":"mecanica-de-fluidos","status":"publish","type":"page","link":"https:\/\/hre.es\/didactica\/equipamiento-didactico\/mecanica-de-fluidos\/","title":{"rendered":"Equipamiento did\u00e1ctico para mec\u00e1nica de fluidos"},"content":{"rendered":"<div class=\"wpb-content-wrapper\"><p>[vc_row equal_height=\u00bbyes\u00bb][vc_column css=\u00bb.vc_custom_1460641256688{margin-right: 0px !important;padding-right: 0px !important;}\u00bb][vc_single_image image=\u00bb3530&#8243; img_size=\u00bbfull\u00bb][vc_column_text]Equipamiento did\u00e1ctico de dise\u00f1o modular para permitir un crecimiento progresivo y una f\u00e1cil actualizaci\u00f3n de componentes.<\/p>\n<p>El sistema est\u00e1 dotado de las \u00faltimas tecnolog\u00edas en adquisici\u00f3n de datos en tiempo real desde PC, para permitir obtener el resultado formativo de forma m\u00e1s r\u00e1pida, c\u00f3moda y atractiva.[\/vc_column_text]<div class=\"mgt-header-block clearfix text-left text-black wpb_content_element  mgt-header-block-style-2 mgt-header-texttransform-none  vc_custom_1554798968251\"><h2 class=\"mgt-header-block-title\">Dise\u00f1o modular<\/h2><div class=\"mgt-header-line\"><\/div><\/div>[vc_column_text]Equipos dise\u00f1ados de forma modular, lo que permite un crecimiento progresivo, una f\u00e1cil actualizaci\u00f3n de componentes y un mantenimiento que permite la parada temporal de parte del sistema manteniendo operativo el resto de equipos.[\/vc_column_text][\/vc_column][\/vc_row][vc_row equal_height=\u00bbyes\u00bb][vc_column css=\u00bb.vc_custom_1460641256688{margin-right: 0px !important;padding-right: 0px !important;}\u00bb]<div class=\"mgt-header-block clearfix text-left text-black wpb_content_element  mgt-header-block-style-2 mgt-header-texttransform-none  vc_custom_1554798972920\"><h2 class=\"mgt-header-block-title\">Control y toma de datos<\/h2><div class=\"mgt-header-line\"><\/div><\/div>[vc_column_text]Construimos equipamiento dotado de la \u00faltimas tecnolog\u00edas en adquisici\u00f3n de datos en tiempo real, mediante transductores y centralitas de toma de datos, que dejan atr\u00e1s a las habituales reglas de medici\u00f3n, y muestras los datos de los ensayos instant\u00e1neamente en la pantalla del ordenador, lo que permite comparaciones de resultados de una forma mucho m\u00e1s r\u00e1pida y m\u00e1s visual.[\/vc_column_text][\/vc_column][\/vc_row][vc_row equal_height=\u00bbyes\u00bb css=\u00bb.vc_custom_1486397521783{margin-top: 15px !important;}\u00bb][vc_column css=\u00bb.vc_custom_1460641256688{margin-right: 0px !important;padding-right: 0px !important;}\u00bb]<div class=\"mgt-header-block clearfix text-left text-black wpb_content_element  mgt-header-block-style-2 mgt-header-texttransform-none  vc_custom_1554798976844\"><h2 class=\"mgt-header-block-title\">Equipos y \u00e1reas de conocimiento<\/h2><div class=\"mgt-header-line\"><\/div><\/div>[vc_column_text]<\/p>\n<ul>\n<li>Aer\u00f3dinamica<\/li>\n<li>Autom\u00e1tica, regulaci\u00f3n y control<\/li>\n<li>Control de procesos<\/li>\n<li>Energ\u00eda (Centrales de energ\u00eda el\u00e9ctrica, Energ\u00edas alternativas)<\/li>\n<li>Fluidos (Mec\u00e1nica de fluidos, M\u00e1quinas y turbom\u00e1quinas hidr\u00e1ulicas, Sistemas de manejo y tratamiento de aguas)<\/li>\n<li>Mec\u00e1nica (Mec\u00e1nica general, Engranajes y transmisiones, Automoci\u00f3n)<\/li>\n<li>Materiales (Resistencia de materiales)<\/li>\n<li>Fotoelasticidad<\/li>\n<li>Termodin\u00e1mica (Refrigeraci\u00f3n, Calefacci\u00f3n, Intercambio y transferencia de calor)<\/li>\n<li>Qu\u00edmica<\/li>\n<\/ul>\n<p>[\/vc_column_text][vc_row_inner][vc_column_inner]<div class=\"mgt-button-wrapper mgt-button-wrapper-align-left mgt-button-wrapper-display-inline mgt-button-top-margin-disable\"><a class=\"btn hvr-icon-wobble-horizontal mgt-button mgt-style-solid mgt-size-normal mgt-align-left mgt-display-inline mgt-text-size-normal mgt-button-icon-position-left mgt-text-transform-uppercase  wpb_animate_when_almost_visible wpb_appear\" href=\"https:\/\/hre.es\/didactica\/cat\/Equipos-Mecanica-Fluidos.pdf\" target=\"_blank\"><i class=\"fa fa-file-pdf-o\"><\/i>Consultar cat\u00e1logo espec\u00edfico<\/a><\/div><div class=\"mgt-button-wrapper mgt-button-wrapper-align-left mgt-button-wrapper-display-inline mgt-button-top-margin-disable\"><a class=\"btn hvr-icon-wobble-horizontal mgt-button mgt-style-borderedblack mgt-size-normal mgt-align-left mgt-display-inline mgt-text-size-normal mgt-button-icon-position-right mgt-text-transform-uppercase  wpb_animate_when_almost_visible wpb_appear\" href=\"http:\/\/hre.es\/didactica\/contacto-y-localizacion\/\">Solicitar oferta<i class=\"fa fa-fas fa-info\"><\/i><\/a><\/div>[\/vc_column_inner][\/vc_row_inner][\/vc_column][\/vc_row][vc_row][vc_column][vc_empty_space height=\u00bb30px\u00bb][\/vc_column][\/vc_row][vc_row full_width=\u00bbstretch_row\u00bb css=\u00bb.vc_custom_1486393565424{padding-top: 0px !important;padding-bottom: 0px !important;background-color: #eeeeee !important;}\u00bb][vc_column]<div class=\"mgt-cta-block clearfix black-text with-text wpb_content_element\" data-style=\"background-color: ;\"><div class=\"mgt-button-wrapper mgt-button-wrapper-align-right mgt-button-wrapper-display-newline mgt-button-top-margin-disable\"><a class=\"btn hvr-default mgt-button mgt-style-solid-invert mgt-size-normal mgt-align-right mgt-display-newline mgt-text-size-normal mgt-button-icon-position-left mgt-text-transform-uppercase \" href=\"http:\/\/hre.es\/didactica\/contacto-y-localizacion\/\">Contactar con HRE<\/a><\/div><h5 class=\"mgt-cta-block-header\">Cons\u00faltenos sin compromiso<\/h5><div class=\"mgt-cta-block-content\">No dude en contactar si desea m\u00e1s informaci\u00f3n<\/div><\/div>[\/vc_column][\/vc_row]<\/p>\n<\/div>","protected":false},"excerpt":{"rendered":"<p>[vc_row equal_height=\u00bbyes\u00bb][vc_column css=\u00bb.vc_custom_1460641256688{margin-right: 0px !important;padding-right: 0px !important;}\u00bb][vc_single_image image=\u00bb3530&#8243; img_size=\u00bbfull\u00bb][vc_column_text]Equipamiento did\u00e1ctico de dise\u00f1o modular para permitir un crecimiento progresivo y una f\u00e1cil actualizaci\u00f3n de componentes. El sistema est\u00e1 dotado de las&#8230;<\/p>\n","protected":false},"author":1,"featured_media":0,"parent":2919,"menu_order":7,"comment_status":"closed","ping_status":"closed","template":"","meta":{"footnotes":""},"class_list":["post-2997","page","type-page","status-publish","hentry"],"yoast_head":"<!-- This site is optimized with the Yoast SEO plugin v27.3 - https:\/\/yoast.com\/product\/yoast-seo-wordpress\/ -->\n<title>Equipamiento did\u00e1ctico para mec\u00e1nica de fluidos - HRE Did\u00e1ctica<\/title>\n<meta name=\"description\" content=\"Equipamiento did\u00e1ctico de dise\u00f1o modular para aprender mec\u00e1nica de fluidos, con tecnolog\u00edas de adquisici\u00f3n de datos a tiempo real.\" \/>\n<meta name=\"robots\" content=\"index, follow, max-snippet:-1, max-image-preview:large, max-video-preview:-1\" \/>\n<link rel=\"canonical\" href=\"https:\/\/hre.es\/didactica\/equipamiento-didactico\/mecanica-de-fluidos\/\" \/>\n<meta property=\"og:locale\" content=\"es_ES\" \/>\n<meta property=\"og:type\" content=\"article\" \/>\n<meta property=\"og:title\" content=\"Equipamiento did\u00e1ctico para mec\u00e1nica de fluidos - HRE Did\u00e1ctica\" \/>\n<meta property=\"og:description\" content=\"Equipamiento did\u00e1ctico de dise\u00f1o modular para aprender mec\u00e1nica de fluidos, con tecnolog\u00edas de adquisici\u00f3n de datos a tiempo real.\" \/>\n<meta property=\"og:url\" content=\"https:\/\/hre.es\/didactica\/equipamiento-didactico\/mecanica-de-fluidos\/\" \/>\n<meta property=\"og:site_name\" content=\"Divisi\u00f3n DID\u00c1CTICA de la empresa HRE\" \/>\n<meta property=\"article:modified_time\" content=\"2021-04-15T14:28:47+00:00\" \/>\n<meta name=\"twitter:card\" content=\"summary_large_image\" \/>\n<meta name=\"twitter:label1\" content=\"Tiempo de lectura\" \/>\n\t<meta name=\"twitter:data1\" content=\"3 minutos\" \/>\n<script type=\"application\/ld+json\" class=\"yoast-schema-graph\">{\"@context\":\"https:\\\/\\\/schema.org\",\"@graph\":[{\"@type\":\"WebPage\",\"@id\":\"https:\\\/\\\/hre.es\\\/didactica\\\/equipamiento-didactico\\\/mecanica-de-fluidos\\\/\",\"url\":\"https:\\\/\\\/hre.es\\\/didactica\\\/equipamiento-didactico\\\/mecanica-de-fluidos\\\/\",\"name\":\"Equipamiento did\u00e1ctico para mec\u00e1nica de fluidos - HRE Did\u00e1ctica\",\"isPartOf\":{\"@id\":\"https:\\\/\\\/hre.es\\\/didactica\\\/#website\"},\"datePublished\":\"2017-02-06T15:42:36+00:00\",\"dateModified\":\"2021-04-15T14:28:47+00:00\",\"description\":\"Equipamiento did\u00e1ctico de dise\u00f1o modular para aprender mec\u00e1nica de fluidos, con tecnolog\u00edas de adquisici\u00f3n de datos a tiempo real.\",\"breadcrumb\":{\"@id\":\"https:\\\/\\\/hre.es\\\/didactica\\\/equipamiento-didactico\\\/mecanica-de-fluidos\\\/#breadcrumb\"},\"inLanguage\":\"es\",\"potentialAction\":[{\"@type\":\"ReadAction\",\"target\":[\"https:\\\/\\\/hre.es\\\/didactica\\\/equipamiento-didactico\\\/mecanica-de-fluidos\\\/\"]}]},{\"@type\":\"BreadcrumbList\",\"@id\":\"https:\\\/\\\/hre.es\\\/didactica\\\/equipamiento-didactico\\\/mecanica-de-fluidos\\\/#breadcrumb\",\"itemListElement\":[{\"@type\":\"ListItem\",\"position\":1,\"name\":\"Portada\",\"item\":\"https:\\\/\\\/hre.es\\\/didactica\\\/\"},{\"@type\":\"ListItem\",\"position\":2,\"name\":\"Equipamiento did\u00e1ctico\",\"item\":\"https:\\\/\\\/hre.es\\\/didactica\\\/equipamiento-didactico\\\/\"},{\"@type\":\"ListItem\",\"position\":3,\"name\":\"Equipamiento did\u00e1ctico para mec\u00e1nica de fluidos\"}]},{\"@type\":\"WebSite\",\"@id\":\"https:\\\/\\\/hre.es\\\/didactica\\\/#website\",\"url\":\"https:\\\/\\\/hre.es\\\/didactica\\\/\",\"name\":\"Divisi\u00f3n DID\u00c1CTICA de la empresa HRE\",\"description\":\"Transmisi\u00f3n de conocimientos adquiridos durante a\u00f1os en el sector Industrial\",\"potentialAction\":[{\"@type\":\"SearchAction\",\"target\":{\"@type\":\"EntryPoint\",\"urlTemplate\":\"https:\\\/\\\/hre.es\\\/didactica\\\/?s={search_term_string}\"},\"query-input\":{\"@type\":\"PropertyValueSpecification\",\"valueRequired\":true,\"valueName\":\"search_term_string\"}}],\"inLanguage\":\"es\"}]}<\/script>\n<!-- \/ Yoast SEO plugin. -->","yoast_head_json":{"title":"Equipamiento did\u00e1ctico para mec\u00e1nica de fluidos - HRE Did\u00e1ctica","description":"Equipamiento did\u00e1ctico de dise\u00f1o modular para aprender mec\u00e1nica de fluidos, con tecnolog\u00edas de adquisici\u00f3n de datos a tiempo real.","robots":{"index":"index","follow":"follow","max-snippet":"max-snippet:-1","max-image-preview":"max-image-preview:large","max-video-preview":"max-video-preview:-1"},"canonical":"https:\/\/hre.es\/didactica\/equipamiento-didactico\/mecanica-de-fluidos\/","og_locale":"es_ES","og_type":"article","og_title":"Equipamiento did\u00e1ctico para mec\u00e1nica de fluidos - HRE Did\u00e1ctica","og_description":"Equipamiento did\u00e1ctico de dise\u00f1o modular para aprender mec\u00e1nica de fluidos, con tecnolog\u00edas de adquisici\u00f3n de datos a tiempo real.","og_url":"https:\/\/hre.es\/didactica\/equipamiento-didactico\/mecanica-de-fluidos\/","og_site_name":"Divisi\u00f3n DID\u00c1CTICA de la empresa HRE","article_modified_time":"2021-04-15T14:28:47+00:00","twitter_card":"summary_large_image","twitter_misc":{"Tiempo de lectura":"3 minutos"},"schema":{"@context":"https:\/\/schema.org","@graph":[{"@type":"WebPage","@id":"https:\/\/hre.es\/didactica\/equipamiento-didactico\/mecanica-de-fluidos\/","url":"https:\/\/hre.es\/didactica\/equipamiento-didactico\/mecanica-de-fluidos\/","name":"Equipamiento did\u00e1ctico para mec\u00e1nica de fluidos - HRE Did\u00e1ctica","isPartOf":{"@id":"https:\/\/hre.es\/didactica\/#website"},"datePublished":"2017-02-06T15:42:36+00:00","dateModified":"2021-04-15T14:28:47+00:00","description":"Equipamiento did\u00e1ctico de dise\u00f1o modular para aprender mec\u00e1nica de fluidos, con tecnolog\u00edas de adquisici\u00f3n de datos a tiempo real.","breadcrumb":{"@id":"https:\/\/hre.es\/didactica\/equipamiento-didactico\/mecanica-de-fluidos\/#breadcrumb"},"inLanguage":"es","potentialAction":[{"@type":"ReadAction","target":["https:\/\/hre.es\/didactica\/equipamiento-didactico\/mecanica-de-fluidos\/"]}]},{"@type":"BreadcrumbList","@id":"https:\/\/hre.es\/didactica\/equipamiento-didactico\/mecanica-de-fluidos\/#breadcrumb","itemListElement":[{"@type":"ListItem","position":1,"name":"Portada","item":"https:\/\/hre.es\/didactica\/"},{"@type":"ListItem","position":2,"name":"Equipamiento did\u00e1ctico","item":"https:\/\/hre.es\/didactica\/equipamiento-didactico\/"},{"@type":"ListItem","position":3,"name":"Equipamiento did\u00e1ctico para mec\u00e1nica de fluidos"}]},{"@type":"WebSite","@id":"https:\/\/hre.es\/didactica\/#website","url":"https:\/\/hre.es\/didactica\/","name":"Divisi\u00f3n DID\u00c1CTICA de la empresa HRE","description":"Transmisi\u00f3n de conocimientos adquiridos durante a\u00f1os en el sector Industrial","potentialAction":[{"@type":"SearchAction","target":{"@type":"EntryPoint","urlTemplate":"https:\/\/hre.es\/didactica\/?s={search_term_string}"},"query-input":{"@type":"PropertyValueSpecification","valueRequired":true,"valueName":"search_term_string"}}],"inLanguage":"es"}]}},"_links":{"self":[{"href":"https:\/\/hre.es\/didactica\/wp-json\/wp\/v2\/pages\/2997","targetHints":{"allow":["GET"]}}],"collection":[{"href":"https:\/\/hre.es\/didactica\/wp-json\/wp\/v2\/pages"}],"about":[{"href":"https:\/\/hre.es\/didactica\/wp-json\/wp\/v2\/types\/page"}],"author":[{"embeddable":true,"href":"https:\/\/hre.es\/didactica\/wp-json\/wp\/v2\/users\/1"}],"replies":[{"embeddable":true,"href":"https:\/\/hre.es\/didactica\/wp-json\/wp\/v2\/comments?post=2997"}],"version-history":[{"count":13,"href":"https:\/\/hre.es\/didactica\/wp-json\/wp\/v2\/pages\/2997\/revisions"}],"predecessor-version":[{"id":3056,"href":"https:\/\/hre.es\/didactica\/wp-json\/wp\/v2\/pages\/2997\/revisions\/3056"}],"up":[{"embeddable":true,"href":"https:\/\/hre.es\/didactica\/wp-json\/wp\/v2\/pages\/2919"}],"wp:attachment":[{"href":"https:\/\/hre.es\/didactica\/wp-json\/wp\/v2\/media?parent=2997"}],"curies":[{"name":"wp","href":"https:\/\/api.w.org\/{rel}","templated":true}]}}