{"id":4321,"date":"2021-12-24T09:03:35","date_gmt":"2021-12-24T08:03:35","guid":{"rendered":"https:\/\/hre.es\/didactica\/?page_id=4321"},"modified":"2026-04-07T18:26:09","modified_gmt":"2026-04-07T16:26:09","slug":"descargas","status":"publish","type":"page","link":"https:\/\/hre.es\/didactica\/descargas\/","title":{"rendered":"Descargas"},"content":{"rendered":"<div class=\"wpb-content-wrapper\"><p>[vc_row equal_height=\u00bbyes\u00bb css=\u00bb.vc_custom_1514473569038{margin-top: -30px !important;}\u00bb][vc_column]<div class=\"mgt-header-block clearfix text-center text-black wpb_content_element  mgt-header-block-style-1 mgt-header-texttransform-none \"><h2 class=\"mgt-header-block-title\">Cat\u00e1logos espec\u00edficos de equipamiento did\u00e1ctico en tecnolog\u00edas de automatizaci\u00f3n<\/h2><div class=\"mgt-header-line\"><\/div><\/div>[\/vc_column][\/vc_row][vc_row full_width=\u00bbstretch_row\u00bb css=\u00bb.vc_custom_1514472662809{padding-bottom: 50px !important;}\u00bb][vc_column width=\u00bb1\/4&#8243;][vc_single_image image=\u00bb4497&#8243; img_size=\u00bbfull\u00bb style=\u00bbvc_box_shadow\u00bb onclick=\u00bbcustom_link\u00bb img_link_target=\u00bb_blank\u00bb css_animation=\u00bbleft-to-right\u00bb link=\u00bbhttps:\/\/hre.es\/didactica\/cat\/Hidraulica-TN6-06-24.pdf\u00bb][vc_column_text css_animation=\u00bbleft-to-right\u00bb]<\/p>\n<h3 class=\"no_stripe\">OLEO-HIDR\u00c1ULICA<\/h3>\n<p>Cat\u00e1logo de HRE Automation sobre oleo-hidr\u00e1ulica aplicada al equipamiento did\u00e1ctico.[\/vc_column_text]<div class=\"mgt-button-wrapper mgt-button-wrapper-align-left mgt-button-wrapper-display-newline mgt-button-top-margin-disable\"><a class=\"btn hvr-icon-wobble-horizontal mgt-button mgt-style-solid mgt-size-small mgt-align-left mgt-display-newline mgt-text-size-small mgt-button-icon-position-right mgt-text-transform-uppercase \" href=\"https:\/\/hre.es\/didactica\/cat\/Hidraulica-TN6-06-24.pdf\" target=\"_blank\">Abre y descarga el cat\u00e1logo<i class=\"fa fa-file-pdf-o\"><\/i><\/a><\/div>[\/vc_column][vc_column width=\u00bb1\/4&#8243;][vc_single_image image=\u00bb4501&#8243; img_size=\u00bbfull\u00bb style=\u00bbvc_box_shadow\u00bb onclick=\u00bbcustom_link\u00bb img_link_target=\u00bb_blank\u00bb css_animation=\u00bbleft-to-right\u00bb link=\u00bbhttps:\/\/hre.es\/didactica\/cat\/Mini-Fluid-MFL-06-24.pdf\u00bb][vc_column_text css_animation=\u00bbleft-to-right\u00bb]<\/p>\n<h3 class=\"no_stripe\">HIDR\u00c1ULICA TRANSPARENTE<\/h3>\n<p>Cat\u00e1logo de HRE Automation sobre hidr\u00e1ulica transparente aplicada al equipamiento did\u00e1ctico.[\/vc_column_text]<div class=\"mgt-button-wrapper mgt-button-wrapper-align-left mgt-button-wrapper-display-newline mgt-button-top-margin-disable\"><a class=\"btn hvr-icon-wobble-horizontal mgt-button mgt-style-solid mgt-size-small mgt-align-left mgt-display-newline mgt-text-size-small mgt-button-icon-position-right mgt-text-transform-uppercase \" href=\"https:\/\/hre.es\/didactica\/cat\/Mini-Fluid-MFL-06-24.pdf\" target=\"_blank\">Abre y descarga el cat\u00e1logo<i class=\"fa fa-file-pdf-o\"><\/i><\/a><\/div>[\/vc_column][vc_column width=\u00bb1\/4&#8243;][vc_single_image image=\u00bb4499&#8243; img_size=\u00bbfull\u00bb style=\u00bbvc_box_shadow\u00bb onclick=\u00bbcustom_link\u00bb img_link_target=\u00bb_blank\u00bb css_animation=\u00bbleft-to-right\u00bb link=\u00bbhttps:\/\/hre.es\/didactica\/cat\/Sensorica-SEN-05-23.pdf\u00bb][vc_column_text css_animation=\u00bbleft-to-right\u00bb]<\/p>\n<h3 class=\"no_stripe\">SENS\u00d3RICA<\/h3>\n<p>Cat\u00e1logo de HRE Automation sobre sens\u00f3rica aplicada al equipamiento did\u00e1ctico.[\/vc_column_text]<div class=\"mgt-button-wrapper mgt-button-wrapper-align-left mgt-button-wrapper-display-newline mgt-button-top-margin-disable\"><a class=\"btn hvr-icon-wobble-horizontal mgt-button mgt-style-solid mgt-size-small mgt-align-left mgt-display-newline mgt-text-size-small mgt-button-icon-position-right mgt-text-transform-uppercase \" href=\"https:\/\/hre.es\/didactica\/cat\/Sensorica-SEN-05-23.pdf\" target=\"_blank\">Abre y descarga el cat\u00e1logo<i class=\"fa fa-file-pdf-o\"><\/i><\/a><\/div>[\/vc_column][vc_column width=\u00bb1\/4&#8243;][vc_single_image image=\u00bb4507&#8243; img_size=\u00bbfull\u00bb style=\u00bbvc_box_shadow\u00bb onclick=\u00bbcustom_link\u00bb img_link_target=\u00bb_blank\u00bb css_animation=\u00bbleft-to-right\u00bb css=\u00bb\u00bb link=\u00bbhttps:\/\/hre.es\/didactica\/cat\/Neumatica-PN-09-25.pdf\u00bb][vc_column_text css_animation=\u00bbleft-to-right\u00bb]<\/p>\n<h3 class=\"no_stripe\">NEUM\u00c1TICA<\/h3>\n<p>Cat\u00e1logo de HRE Automation sobre neum\u00e1tica aplicada al equipamiento did\u00e1ctico.[\/vc_column_text]<div class=\"mgt-button-wrapper mgt-button-wrapper-align-left mgt-button-wrapper-display-newline mgt-button-top-margin-disable\"><a class=\"btn hvr-icon-wobble-horizontal mgt-button mgt-style-solid mgt-size-small mgt-align-left mgt-display-newline mgt-text-size-small mgt-button-icon-position-right mgt-text-transform-uppercase \" href=\"https:\/\/hre.es\/didactica\/cat\/Neumatica-PN-09-25.pdf\" target=\"_blank\">Abre y descarga el cat\u00e1logo<i class=\"fa fa-file-pdf-o\"><\/i><\/a><\/div>[\/vc_column][\/vc_row][vc_row full_width=\u00bbstretch_row\u00bb css=\u00bb.vc_custom_1514472662809{padding-bottom: 50px !important;}\u00bb][vc_column width=\u00bb1\/4&#8243;][vc_single_image image=\u00bb4505&#8243; img_size=\u00bbfull\u00bb style=\u00bbvc_box_shadow\u00bb onclick=\u00bbcustom_link\u00bb img_link_target=\u00bb_blank\u00bb css_animation=\u00bbleft-to-right\u00bb css=\u00bb\u00bb link=\u00bbhttps:\/\/hre.es\/didactica\/cat\/Mecatronica-MAF-03-26.pdf\u00bb][vc_column_text css_animation=\u00bbleft-to-right\u00bb]<\/p>\n<h3 class=\"no_stripe\">MECATR\u00d3NICA<\/h3>\n<p>Cat\u00e1logo de HRE Automation sobre mecatr\u00f3nica aplicada al equipamiento did\u00e1ctico.[\/vc_column_text]<div class=\"mgt-button-wrapper mgt-button-wrapper-align-left mgt-button-wrapper-display-newline mgt-button-top-margin-disable\"><a class=\"btn hvr-icon-wobble-horizontal mgt-button mgt-style-solid mgt-size-small mgt-align-left mgt-display-newline mgt-text-size-small mgt-button-icon-position-right mgt-text-transform-uppercase \" href=\"https:\/\/hre.es\/didactica\/cat\/Mecatronica-MAF-03-26.pdf\" target=\"_blank\">Abre y descarga el cat\u00e1logo<i class=\"fa fa-arrow-right\"><\/i><\/a><\/div>[\/vc_column][vc_column width=\u00bb1\/4&#8243;][vc_single_image image=\u00bb4752&#8243; img_size=\u00bbfull\u00bb style=\u00bbvc_box_shadow\u00bb onclick=\u00bbcustom_link\u00bb img_link_target=\u00bb_blank\u00bb css_animation=\u00bbleft-to-right\u00bb css=\u00bb\u00bb link=\u00bbhttps:\/\/hre.es\/didactica\/cat\/Automation-Studio-E10.pdf\u00bb][vc_column_text css_animation=\u00bbleft-to-right\u00bb css=\u00bb\u00bb]<\/p>\n<h3 class=\"no_stripe\">AUTOMATION STUDIO<\/h3>\n<p>Cat\u00e1logo del software Automation Studio E10 para la ense\u00f1anza y formaci\u00f3n.[\/vc_column_text]<div class=\"mgt-button-wrapper mgt-button-wrapper-align-left mgt-button-wrapper-display-newline mgt-button-top-margin-disable\"><a class=\"btn hvr-icon-wobble-horizontal mgt-button mgt-style-solid mgt-size-small mgt-align-left mgt-display-newline mgt-text-size-small mgt-button-icon-position-right mgt-text-transform-uppercase \" href=\"https:\/\/hre.es\/didactica\/cat\/Automation-Studio-E10.pdf\" target=\"_blank\">Abre y descarga el cat\u00e1logo<i class=\"fa fa-arrow-right\"><\/i><\/a><\/div>[\/vc_column][vc_column width=\u00bb1\/4&#8243;][vc_single_image image=\u00bb4754&#8243; img_size=\u00bbfull\u00bb style=\u00bbvc_box_shadow\u00bb onclick=\u00bbcustom_link\u00bb img_link_target=\u00bb_blank\u00bb css_animation=\u00bbleft-to-right\u00bb css=\u00bb\u00bb link=\u00bbhttps:\/\/hre.es\/didactica\/cat\/Automation-Studio-Automocion.pdf\u00bb][vc_column_text css_animation=\u00bbleft-to-right\u00bb css=\u00bb\u00bb]<\/p>\n<h3 class=\"no_stripe\">AUTOMATION STUDIO (AUTOMOCI\u00d3N)<\/h3>\n<p>Cat\u00e1logo del software Automation Studio para la ense\u00f1anza y formaci\u00f3n para el sector de la Automoci\u00f3n.[\/vc_column_text]<div class=\"mgt-button-wrapper mgt-button-wrapper-align-left mgt-button-wrapper-display-newline mgt-button-top-margin-disable\"><a class=\"btn hvr-icon-wobble-horizontal mgt-button mgt-style-solid mgt-size-small mgt-align-left mgt-display-newline mgt-text-size-small mgt-button-icon-position-right mgt-text-transform-uppercase \" href=\"https:\/\/hre.es\/didactica\/cat\/Automation-Studio-Automocion.pdf\" target=\"_blank\">Abre y descarga el cat\u00e1logo<i class=\"fa fa-arrow-right\"><\/i><\/a><\/div>[\/vc_column][vc_column width=\u00bb1\/4&#8243;][vc_single_image image=\u00bb4503&#8243; img_size=\u00bbfull\u00bb style=\u00bbvc_box_shadow\u00bb onclick=\u00bbcustom_link\u00bb img_link_target=\u00bb_blank\u00bb css_animation=\u00bbleft-to-right\u00bb link=\u00bbhttps:\/\/hre.es\/didactica\/cat\/Equipos-Mecanica-Fluidos.pdf\u00bb][vc_column_text css_animation=\u00bbleft-to-right\u00bb]<\/p>\n<h3 class=\"no_stripe\">MEC\u00c1NICA DE FLUIDOS<\/h3>\n<p>Cat\u00e1logo de HRE Automation sobre la mec\u00e1nica de fluidos aplicada al equipamiento did\u00e1ctico.[\/vc_column_text]<div class=\"mgt-button-wrapper mgt-button-wrapper-align-left mgt-button-wrapper-display-newline mgt-button-top-margin-disable\"><a class=\"btn hvr-icon-wobble-horizontal mgt-button mgt-style-solid mgt-size-small mgt-align-left mgt-display-newline mgt-text-size-small mgt-button-icon-position-right mgt-text-transform-uppercase \" href=\"https:\/\/hre.es\/didactica\/cat\/Equipos-Mecanica-Fluidos.pdf\" target=\"_blank\">Abre y descarga el cat\u00e1logo<i class=\"fa fa-arrow-right\"><\/i><\/a><\/div>[\/vc_column][\/vc_row][vc_row full_width=\u00bbstretch_row\u00bb css=\u00bb.vc_custom_1526636925461{padding-top: 0px !important;padding-bottom: 0px !important;background-color: #eeeeee !important;}\u00bb][vc_column]<div class=\"mgt-cta-block clearfix black-text with-text no-side-paddings wpb_content_element\" data-style=\"background-color: ;\"><div class=\"mgt-button-wrapper mgt-button-wrapper-align-right mgt-button-wrapper-display-newline mgt-button-top-margin-disable\"><a class=\"btn hvr-default mgt-button mgt-style-solid mgt-size-normal mgt-align-right mgt-display-newline mgt-text-size-normal mgt-button-icon-position-left mgt-text-transform-uppercase \" href=\"http:\/\/hre.es\/didactica\/contacto-y-localizacion\/\">Contactar con HRE<\/a><\/div><h5 class=\"mgt-cta-block-header\">Cons\u00faltenos sin compromiso<\/h5><div class=\"mgt-cta-block-content\">No dude en contactar si desea m\u00e1s informaci\u00f3n<\/div><\/div>[\/vc_column][\/vc_row]<\/p>\n<\/div>","protected":false},"excerpt":{"rendered":"<p>[vc_row equal_height=\u00bbyes\u00bb css=\u00bb.vc_custom_1514473569038{margin-top: -30px !important;}\u00bb][vc_column][\/vc_column][\/vc_row][vc_row full_width=\u00bbstretch_row\u00bb css=\u00bb.vc_custom_1514472662809{padding-bottom: 50px !important;}\u00bb][vc_column width=\u00bb1\/4&#8243;][vc_single_image image=\u00bb4497&#8243; img_size=\u00bbfull\u00bb style=\u00bbvc_box_shadow\u00bb onclick=\u00bbcustom_link\u00bb img_link_target=\u00bb_blank\u00bb css_animation=\u00bbleft-to-right\u00bb link=\u00bbhttps:\/\/hre.es\/didactica\/cat\/Hidraulica-TN6-06-24.pdf\u00bb][vc_column_text css_animation=\u00bbleft-to-right\u00bb] OLEO-HIDR\u00c1ULICA Cat\u00e1logo de HRE Automation sobre oleo-hidr\u00e1ulica aplicada al equipamiento did\u00e1ctico.[\/vc_column_text][\/vc_column][vc_column width=\u00bb1\/4&#8243;][vc_single_image&#8230;<\/p>\n","protected":false},"author":1,"featured_media":0,"parent":0,"menu_order":8,"comment_status":"closed","ping_status":"closed","template":"","meta":{"footnotes":""},"class_list":["post-4321","page","type-page","status-publish","hentry"],"yoast_head":"<!-- This site is optimized with the Yoast SEO plugin v27.5 - https:\/\/yoast.com\/product\/yoast-seo-wordpress\/ -->\n<title>Descargas - Cat\u00e1logos espec\u00edficos de equipamiento did\u00e1ctico<\/title>\n<meta name=\"description\" content=\"Consulta y\/o descarga los cat\u00e1logos espec\u00edficos de equipamiento did\u00e1ctico en tecnolog\u00edas de automatizaci\u00f3n elaborados por HRE Automation\" \/>\n<meta name=\"robots\" content=\"index, follow, max-snippet:-1, max-image-preview:large, max-video-preview:-1\" \/>\n<link rel=\"canonical\" href=\"https:\/\/hre.es\/didactica\/descargas\/\" \/>\n<meta property=\"og:locale\" content=\"es_ES\" \/>\n<meta property=\"og:type\" content=\"article\" \/>\n<meta property=\"og:title\" content=\"Descargas - Cat\u00e1logos espec\u00edficos de equipamiento did\u00e1ctico\" \/>\n<meta property=\"og:description\" content=\"Consulta y\/o descarga los cat\u00e1logos espec\u00edficos de equipamiento did\u00e1ctico en tecnolog\u00edas de automatizaci\u00f3n elaborados por HRE Automation\" \/>\n<meta property=\"og:url\" content=\"https:\/\/hre.es\/didactica\/descargas\/\" \/>\n<meta property=\"og:site_name\" content=\"Divisi\u00f3n DID\u00c1CTICA de la empresa HRE\" \/>\n<meta property=\"article:modified_time\" content=\"2026-04-07T16:26:09+00:00\" \/>\n<meta name=\"twitter:card\" content=\"summary_large_image\" \/>\n<meta name=\"twitter:label1\" content=\"Tiempo de lectura\" \/>\n\t<meta name=\"twitter:data1\" content=\"3 minutos\" \/>\n<script type=\"application\/ld+json\" class=\"yoast-schema-graph\">{\"@context\":\"https:\\\/\\\/schema.org\",\"@graph\":[{\"@type\":\"WebPage\",\"@id\":\"https:\\\/\\\/hre.es\\\/didactica\\\/descargas\\\/\",\"url\":\"https:\\\/\\\/hre.es\\\/didactica\\\/descargas\\\/\",\"name\":\"Descargas - Cat\u00e1logos espec\u00edficos de equipamiento did\u00e1ctico\",\"isPartOf\":{\"@id\":\"https:\\\/\\\/hre.es\\\/didactica\\\/#website\"},\"datePublished\":\"2021-12-24T08:03:35+00:00\",\"dateModified\":\"2026-04-07T16:26:09+00:00\",\"description\":\"Consulta y\\\/o descarga los cat\u00e1logos espec\u00edficos de equipamiento did\u00e1ctico en tecnolog\u00edas de automatizaci\u00f3n elaborados por HRE Automation\",\"breadcrumb\":{\"@id\":\"https:\\\/\\\/hre.es\\\/didactica\\\/descargas\\\/#breadcrumb\"},\"inLanguage\":\"es\",\"potentialAction\":[{\"@type\":\"ReadAction\",\"target\":[\"https:\\\/\\\/hre.es\\\/didactica\\\/descargas\\\/\"]}]},{\"@type\":\"BreadcrumbList\",\"@id\":\"https:\\\/\\\/hre.es\\\/didactica\\\/descargas\\\/#breadcrumb\",\"itemListElement\":[{\"@type\":\"ListItem\",\"position\":1,\"name\":\"Portada\",\"item\":\"https:\\\/\\\/hre.es\\\/didactica\\\/\"},{\"@type\":\"ListItem\",\"position\":2,\"name\":\"Descargas\"}]},{\"@type\":\"WebSite\",\"@id\":\"https:\\\/\\\/hre.es\\\/didactica\\\/#website\",\"url\":\"https:\\\/\\\/hre.es\\\/didactica\\\/\",\"name\":\"Divisi\u00f3n DID\u00c1CTICA de la empresa HRE\",\"description\":\"Transmisi\u00f3n de conocimientos adquiridos durante a\u00f1os en el sector Industrial\",\"potentialAction\":[{\"@type\":\"SearchAction\",\"target\":{\"@type\":\"EntryPoint\",\"urlTemplate\":\"https:\\\/\\\/hre.es\\\/didactica\\\/?s={search_term_string}\"},\"query-input\":{\"@type\":\"PropertyValueSpecification\",\"valueRequired\":true,\"valueName\":\"search_term_string\"}}],\"inLanguage\":\"es\"}]}<\/script>\n<!-- \/ Yoast SEO plugin. -->","yoast_head_json":{"title":"Descargas - Cat\u00e1logos espec\u00edficos de equipamiento did\u00e1ctico","description":"Consulta y\/o descarga los cat\u00e1logos espec\u00edficos de equipamiento did\u00e1ctico en tecnolog\u00edas de automatizaci\u00f3n elaborados por HRE Automation","robots":{"index":"index","follow":"follow","max-snippet":"max-snippet:-1","max-image-preview":"max-image-preview:large","max-video-preview":"max-video-preview:-1"},"canonical":"https:\/\/hre.es\/didactica\/descargas\/","og_locale":"es_ES","og_type":"article","og_title":"Descargas - Cat\u00e1logos espec\u00edficos de equipamiento did\u00e1ctico","og_description":"Consulta y\/o descarga los cat\u00e1logos espec\u00edficos de equipamiento did\u00e1ctico en tecnolog\u00edas de automatizaci\u00f3n elaborados por HRE Automation","og_url":"https:\/\/hre.es\/didactica\/descargas\/","og_site_name":"Divisi\u00f3n DID\u00c1CTICA de la empresa HRE","article_modified_time":"2026-04-07T16:26:09+00:00","twitter_card":"summary_large_image","twitter_misc":{"Tiempo de lectura":"3 minutos"},"schema":{"@context":"https:\/\/schema.org","@graph":[{"@type":"WebPage","@id":"https:\/\/hre.es\/didactica\/descargas\/","url":"https:\/\/hre.es\/didactica\/descargas\/","name":"Descargas - Cat\u00e1logos espec\u00edficos de equipamiento did\u00e1ctico","isPartOf":{"@id":"https:\/\/hre.es\/didactica\/#website"},"datePublished":"2021-12-24T08:03:35+00:00","dateModified":"2026-04-07T16:26:09+00:00","description":"Consulta y\/o descarga los cat\u00e1logos espec\u00edficos de equipamiento did\u00e1ctico en tecnolog\u00edas de automatizaci\u00f3n elaborados por HRE Automation","breadcrumb":{"@id":"https:\/\/hre.es\/didactica\/descargas\/#breadcrumb"},"inLanguage":"es","potentialAction":[{"@type":"ReadAction","target":["https:\/\/hre.es\/didactica\/descargas\/"]}]},{"@type":"BreadcrumbList","@id":"https:\/\/hre.es\/didactica\/descargas\/#breadcrumb","itemListElement":[{"@type":"ListItem","position":1,"name":"Portada","item":"https:\/\/hre.es\/didactica\/"},{"@type":"ListItem","position":2,"name":"Descargas"}]},{"@type":"WebSite","@id":"https:\/\/hre.es\/didactica\/#website","url":"https:\/\/hre.es\/didactica\/","name":"Divisi\u00f3n DID\u00c1CTICA de la empresa HRE","description":"Transmisi\u00f3n de conocimientos adquiridos durante a\u00f1os en el sector Industrial","potentialAction":[{"@type":"SearchAction","target":{"@type":"EntryPoint","urlTemplate":"https:\/\/hre.es\/didactica\/?s={search_term_string}"},"query-input":{"@type":"PropertyValueSpecification","valueRequired":true,"valueName":"search_term_string"}}],"inLanguage":"es"}]}},"_links":{"self":[{"href":"https:\/\/hre.es\/didactica\/wp-json\/wp\/v2\/pages\/4321","targetHints":{"allow":["GET"]}}],"collection":[{"href":"https:\/\/hre.es\/didactica\/wp-json\/wp\/v2\/pages"}],"about":[{"href":"https:\/\/hre.es\/didactica\/wp-json\/wp\/v2\/types\/page"}],"author":[{"embeddable":true,"href":"https:\/\/hre.es\/didactica\/wp-json\/wp\/v2\/users\/1"}],"replies":[{"embeddable":true,"href":"https:\/\/hre.es\/didactica\/wp-json\/wp\/v2\/comments?post=4321"}],"version-history":[{"count":50,"href":"https:\/\/hre.es\/didactica\/wp-json\/wp\/v2\/pages\/4321\/revisions"}],"predecessor-version":[{"id":4759,"href":"https:\/\/hre.es\/didactica\/wp-json\/wp\/v2\/pages\/4321\/revisions\/4759"}],"wp:attachment":[{"href":"https:\/\/hre.es\/didactica\/wp-json\/wp\/v2\/media?parent=4321"}],"curies":[{"name":"wp","href":"https:\/\/api.w.org\/{rel}","templated":true}]}}