{"id":7147,"date":"2017-02-15T19:57:56","date_gmt":"2017-02-15T18:57:56","guid":{"rendered":"https:\/\/hre.es\/ahorro-energetico\/"},"modified":"2024-11-14T09:42:45","modified_gmt":"2024-11-14T08:42:45","slug":"energy-saving-solutions-in-hydraulic-systems","status":"publish","type":"page","link":"https:\/\/hre.es\/en\/engineering-solutions\/energy-saving-solutions-in-hydraulic-systems\/","title":{"rendered":"Energy saving solutions in hydraulic systems"},"content":{"rendered":"<div class=\"wpb-content-wrapper\"><p>[vc_row][vc_column width=&#8221;1\/2&#8243; css=&#8221;.vc_custom_1510683484410{margin-bottom: 20px !important;}&#8221;][vc_column_text]Driven primarily by our own concerns and commitment to society, as well as by our biggest clients, we are currently promoting different energy-saving projects in various processes and manufacturing systems, including:<\/p>\n<ul>\n<li>Aluminium Injection Moulding Machines<\/li>\n<li>Plastic Injection Moulding Machines<\/li>\n<li>Presses and Large Deforming Machines<\/li>\n<li>Extrusion Machines<\/li>\n<li>Punching Machines<\/li>\n<li>&#8230;<\/li>\n<\/ul>\n<p>The combination of our extensive experience in servo systems and application of new technologies and components of high added value, as well as an exhaustive knowledge of the work processes, means we can make direct energy savings for our clients ranging from <strong>30% y el 45%<\/strong>, resulting in better possibilities for action in their respective markets and an immediate benefit on their profit and loss accounts. Not to be forgotten is the significant improvement in the environmental impact generated by these actions.[\/vc_column_text]<div class=\"mgt-button-wrapper mgt-button-wrapper-align-left mgt-button-wrapper-display-newline mgt-button-top-margin-enable\"><a class=\"btn hvr-bounce-to-right mgt-button mgt-style-solid mgt-size-normal mgt-align-left mgt-display-newline mgt-text-size-small mgt-button-icon-position-right mgt-text-transform-uppercase  wpb_animate_when_almost_visible wpb_appear\" href=\"https:\/\/hre.es\/en\/contact-and-location\/\">Request more information<i class=\"fa fa-info-circle\"><\/i><\/a><\/div>[\/vc_column][vc_column width=&#8221;1\/2&#8243;][vc_single_image image=&#8221;9964&#8243; img_size=&#8221;full&#8221; alignment=&#8221;center&#8221; css=&#8221;&#8221;][vc_single_image image=&#8221;4441&#8243; img_size=&#8221;full&#8221; alignment=&#8221;center&#8221; onclick=&#8221;link_image&#8221;][\/vc_column][\/vc_row][vc_row][vc_column][vc_empty_space height=&#8221;10px&#8221;][\/vc_column][\/vc_row][vc_row][vc_column]<div class=\"mgt-header-block clearfix text-left text-black wpb_content_element  mgt-header-block-style-1 mgt-header-texttransform-none  vc_custom_1614263518448\"><h2 class=\"mgt-header-block-title\">Suppliers<\/h2><div class=\"mgt-header-line\"><\/div><\/div>[vc_column_text]We combine our own know-how with the highest quality components to achieve our goals, thanks to strategic alliances with world leaders.[\/vc_column_text][vc_row_inner css=&#8221;.vc_custom_1486742071837{margin-top: -32px !important;}&#8221;][vc_column_inner width=&#8221;1\/2&#8243; css=&#8221;.vc_custom_1486741849342{margin-top: 32px !important;}&#8221;]<style scoped='scoped'>.mgt-promo-block-66789355427.mgt-promo-block.darken .mgt-promo-block-content {background-color: rgba(255,255,255,0.01)!important;}.mgt-promo-block-66789355427.mgt-promo-block.animated:hover .mgt-promo-block-content {background-color: rgba(0,0,0,0.6)!important;}<\/style><div class=\"mgt-promo-block animated white-text cover-image text-size-normal darken mgt-promo-block-66789355427 wpb_content_element wpb_animate_when_almost_visible wpb_appear\" data-style=\"background-image: url(https:\/\/hre.es\/wp-content\/uploads\/logo-parker-distribucion.jpg);background-repeat: no-repeat;width: 100%; height: 200px;\"><div class=\"mgt-promo-block-content mgt-hide-button\"><div class=\"mgt-promo-block-content-inside\"><div class=\"mgt-button-wrapper mgt-button-wrapper-align-center mgt-button-wrapper-display-newline mgt-button-top-margin-disable\"><a class=\"btn hvr-sweep-to-right mgt-button mgt-style-bordered mgt-size-small mgt-align-center mgt-display-newline mgt-text-size-small mgt-button-icon-position-left mgt-text-transform-uppercase \" href=\"https:\/\/hre.es\/en\/distribution\/parker-hannifin-corporation-distributors-in-spain\/\">+ info<\/a><\/div><\/div><\/div><\/div>[\/vc_column_inner][vc_column_inner width=&#8221;1\/2&#8243; css=&#8221;.vc_custom_1486741875325{margin-top: 32px !important;}&#8221;]<style scoped='scoped'>.mgt-promo-block-66789355427.mgt-promo-block.darken .mgt-promo-block-content {background-color: rgba(255,255,255,0.01)!important;}.mgt-promo-block-66789355427.mgt-promo-block.animated:hover .mgt-promo-block-content {background-color: rgba(0,0,0,0.6)!important;}<\/style><div class=\"mgt-promo-block animated white-text cover-image text-size-normal darken mgt-promo-block-66789355427 wpb_content_element wpb_animate_when_almost_visible wpb_appear\" data-style=\"background-image: url(https:\/\/hre.es\/wp-content\/uploads\/logo-voith-distribucion.jpg);background-repeat: no-repeat;width: 100%; height: 200px;\"><div class=\"mgt-promo-block-content mgt-hide-button\"><div class=\"mgt-promo-block-content-inside\"><div class=\"mgt-button-wrapper mgt-button-wrapper-align-center mgt-button-wrapper-display-newline mgt-button-top-margin-disable\"><a class=\"btn hvr-sweep-to-right mgt-button mgt-style-bordered mgt-size-small mgt-align-center mgt-display-newline mgt-text-size-small mgt-button-icon-position-left mgt-text-transform-uppercase \" href=\"https:\/\/hre.es\/en\/distribution\/voith-distributors-in-spain\/\">+ info<\/a><\/div><\/div><\/div><\/div>[\/vc_column_inner][\/vc_row_inner][\/vc_column][\/vc_row][vc_row][vc_column][vc_empty_space height=&#8221;50px&#8221;][\/vc_column][\/vc_row][vc_row][vc_column]<div class=\"mgt-header-block clearfix text-left text-black wpb_content_element  mgt-header-block-style-1 mgt-header-texttransform-none  vc_custom_1614263556304\"><h2 class=\"mgt-header-block-title\">Success stories<\/h2><div class=\"mgt-header-line\"><\/div><\/div>\r\n\t\r\n\t<div class=\"portfolio-list portfolio-columns-4 portfolio-grid-layout-4  portfolio-with-spaces clearfix\" id=\"portfolio-list\">\r\n\r\n\t\t<div class=\"portfolio-item-block portfolio-item-animation-6 slide-item custom-engineering energy-saving\" data-item=\"1\" data-name=\"Caso de \u00e9xito de ahorro de energ\u00eda en m\u00e1quina de inyecci\u00f3n OL2700 con DCP\">\r\n\t<div class=\"portfolio-item-block-inside\">\r\n\t  <a href=\"https:\/\/hre.es\/en\/project\/caso-de-exito-de-ahorro-de-energia-en-maquina-de-inyeccion-ol2700-con-dcp\/\" target=\"_self\" rel=\"\" title=\"Caso de \u00e9xito de ahorro de energ\u00eda en m\u00e1quina de inyecci\u00f3n OL2700 con DCP\">\r\n\t    <div class=\"portfolio-item-image\" data-style=\"background-image: url(https:\/\/hre.es\/wp-content\/uploads\/caso-exito-15.jpg);\"><\/div>\r\n\t    <div class=\"portfolio-item-bg\"><\/div>\r\n\t    <div class=\"info\">\r\n\t      <span class=\"sub-title\">Custom engineering \/ Energy saving<\/span>\r\n\t      <h4 class=\"title\">Caso de \u00e9xito de ahorro de energ\u00eda en m\u00e1quina de inyecci\u00f3n OL2700 con DCP<\/h4>\r\n\t      \t      \t      <div class=\"view-more btn mgt-button\">View more<\/div>\r\n\t  \t  \t    <\/div>\r\n\t  <\/a>\r\n\t<\/div>\r\n\t<\/div>\r\n\t\t<div class=\"portfolio-item-block portfolio-item-animation-6 slide-item custom-engineering energy-saving\" data-item=\"2\" data-name=\"Success story of energy saving in injection machine OL1800 with DCP\">\r\n\t<div class=\"portfolio-item-block-inside\">\r\n\t  <a href=\"https:\/\/hre.es\/en\/project\/success-story-of-energy-saving-in-injection-machine-ol1800-with-dcp\/\" target=\"_self\" rel=\"\" title=\"Success story of energy saving in injection machine OL1800 with DCP\">\r\n\t    <div class=\"portfolio-item-image\" data-style=\"background-image: url(https:\/\/hre.es\/wp-content\/uploads\/casos-de-exito-15.jpg);\"><\/div>\r\n\t    <div class=\"portfolio-item-bg\"><\/div>\r\n\t    <div class=\"info\">\r\n\t      <span class=\"sub-title\">Custom engineering \/ Energy saving<\/span>\r\n\t      <h4 class=\"title\">Success story of energy saving in injection machine OL1800 with DCP<\/h4>\r\n\t      \t      \t      <div class=\"view-more btn mgt-button\">View more<\/div>\r\n\t  \t  \t    <\/div>\r\n\t  <\/a>\r\n\t<\/div>\r\n\t<\/div>\r\n\t\t         \r\n\t\r\n\t<\/div>\r\n\r\n\r\n<script>(function($){\r\n            $(document).ready(function() {\r\n\r\n                function initPortfolioCarousel() {\r\n\r\n\t\t\t\t\t$(\"#portfolio-list\").owlCarousel({\r\n\t                    items: 2,\r\n\t                    itemsDesktop:   [1199,2],\r\n\t                    itemsDesktopSmall: [979,1],\r\n\t                    itemsTablet: [768,1],\r\n\t                    itemsMobile : [479,1],\r\n\t                    autoPlay: true,\r\n\t                    navigation: true,\r\n\t                    navigationText : false,\r\n\t                    pagination: true,\r\n\t                    afterInit : function(elem){\r\n\t                        $(this).css(\"display\", \"block\");\r\n\t                    }\r\n\t                });\r\n\r\n\t\t\t\t}\r\n\r\n\t\t\t\tsetTimeout(initPortfolioCarousel, 1000);\r\n                \r\n            });})(jQuery);<\/script>[\/vc_column][\/vc_row][vc_row][vc_column][vc_empty_space height=&#8221;40px&#8221;][\/vc_column][\/vc_row][vc_row][vc_column][vc_separator style=&#8221;dotted&#8221; border_width=&#8221;3&#8243; css=&#8221;.vc_custom_1617788642128{margin-bottom: -20px !important;}&#8221;]<div class=\"mgt-cta-block clearfix black-text with-text wpb_content_element\" data-style=\"background-color: ;\"><div class=\"mgt-button-wrapper mgt-button-wrapper-align-right mgt-button-wrapper-display-newline mgt-button-top-margin-disable\"><a class=\"btn hvr-default mgt-button mgt-style-solid mgt-size-normal mgt-align-right mgt-display-newline mgt-text-size-normal mgt-button-icon-position-left mgt-text-transform-uppercase \" href=\"https:\/\/hre.es\/en\/contact-and-location\/\">Contact HRE<\/a><\/div><h5 class=\"mgt-cta-block-header\">Contact us<\/h5><div class=\"mgt-cta-block-content\">Please don&#8217;t hesitate to contact us for further information<\/div><\/div>[vc_separator style=&#8221;dotted&#8221; border_width=&#8221;3&#8243; css=&#8221;.vc_custom_1617788421726{margin-top: -20px !important;}&#8221;][\/vc_column][\/vc_row]<\/p>\n<\/div>","protected":false},"excerpt":{"rendered":"<p>[vc_row][vc_column width=&#8221;1\/2&#8243; css=&#8221;.vc_custom_1510683484410{margin-bottom: 20px !important;}&#8221;][vc_column_text]Driven primarily by our own concerns and commitment to society, as well as by our biggest clients, we are currently promoting different energy-saving projects in various&#8230;<\/p>\n","protected":false},"author":1,"featured_media":0,"parent":7593,"menu_order":7,"comment_status":"closed","ping_status":"closed","template":"","meta":{"footnotes":""},"class_list":["post-7147","page","type-page","status-publish","hentry"],"yoast_head":"<!-- This site is optimized with the Yoast SEO plugin v27.3 - https:\/\/yoast.com\/product\/yoast-seo-wordpress\/ -->\n<title>Energy saving solutions in hydraulic systems - HRE Automation<\/title>\n<meta name=\"description\" content=\"Saving energy is very important, that is why at HRE Automation we are promoting energy saving projects in our projects.\" \/>\n<meta name=\"robots\" content=\"index, follow, max-snippet:-1, max-image-preview:large, max-video-preview:-1\" \/>\n<link rel=\"canonical\" href=\"https:\/\/hre.es\/en\/engineering-solutions\/energy-saving-solutions-in-hydraulic-systems\/\" \/>\n<meta property=\"og:locale\" content=\"en_US\" \/>\n<meta property=\"og:type\" content=\"article\" \/>\n<meta property=\"og:title\" content=\"Energy saving solutions in hydraulic systems - HRE Automation\" \/>\n<meta property=\"og:description\" content=\"Saving energy is very important, that is why at HRE Automation we are promoting energy saving projects in our projects.\" \/>\n<meta property=\"og:url\" content=\"https:\/\/hre.es\/en\/engineering-solutions\/energy-saving-solutions-in-hydraulic-systems\/\" \/>\n<meta property=\"og:site_name\" content=\"HRE Automation \u2013 Industry &amp; Didactics\" \/>\n<meta property=\"article:modified_time\" content=\"2024-11-14T08:42:45+00:00\" \/>\n<meta name=\"twitter:card\" content=\"summary_large_image\" \/>\n<meta name=\"twitter:label1\" content=\"Est. reading time\" \/>\n\t<meta name=\"twitter:data1\" content=\"2 minutes\" \/>\n<script type=\"application\/ld+json\" class=\"yoast-schema-graph\">{\"@context\":\"https:\\\/\\\/schema.org\",\"@graph\":[{\"@type\":\"WebPage\",\"@id\":\"https:\\\/\\\/hre.es\\\/en\\\/engineering-solutions\\\/energy-saving-solutions-in-hydraulic-systems\\\/\",\"url\":\"https:\\\/\\\/hre.es\\\/en\\\/engineering-solutions\\\/energy-saving-solutions-in-hydraulic-systems\\\/\",\"name\":\"Energy saving solutions in hydraulic systems - HRE Automation\",\"isPartOf\":{\"@id\":\"https:\\\/\\\/hre.es\\\/#website\"},\"datePublished\":\"2017-02-15T18:57:56+00:00\",\"dateModified\":\"2024-11-14T08:42:45+00:00\",\"description\":\"Saving energy is very important, that is why at HRE Automation we are promoting energy saving projects in our projects.\",\"breadcrumb\":{\"@id\":\"https:\\\/\\\/hre.es\\\/en\\\/engineering-solutions\\\/energy-saving-solutions-in-hydraulic-systems\\\/#breadcrumb\"},\"inLanguage\":\"en-US\",\"potentialAction\":[{\"@type\":\"ReadAction\",\"target\":[\"https:\\\/\\\/hre.es\\\/en\\\/engineering-solutions\\\/energy-saving-solutions-in-hydraulic-systems\\\/\"]}]},{\"@type\":\"BreadcrumbList\",\"@id\":\"https:\\\/\\\/hre.es\\\/en\\\/engineering-solutions\\\/energy-saving-solutions-in-hydraulic-systems\\\/#breadcrumb\",\"itemListElement\":[{\"@type\":\"ListItem\",\"position\":1,\"name\":\"Portada\",\"item\":\"https:\\\/\\\/hre.es\\\/en\\\/\"},{\"@type\":\"ListItem\",\"position\":2,\"name\":\"Engineering solutions\",\"item\":\"https:\\\/\\\/hre.es\\\/en\\\/engineering-solutions\\\/\"},{\"@type\":\"ListItem\",\"position\":3,\"name\":\"Energy saving solutions in hydraulic systems\"}]},{\"@type\":\"WebSite\",\"@id\":\"https:\\\/\\\/hre.es\\\/#website\",\"url\":\"https:\\\/\\\/hre.es\\\/\",\"name\":\"HRE Automation \u2013 Industry & Didactics\",\"description\":\"Integrated fluid automation solutions and didactic equipments\",\"publisher\":{\"@id\":\"https:\\\/\\\/hre.es\\\/#organization\"},\"potentialAction\":[{\"@type\":\"SearchAction\",\"target\":{\"@type\":\"EntryPoint\",\"urlTemplate\":\"https:\\\/\\\/hre.es\\\/?s={search_term_string}\"},\"query-input\":{\"@type\":\"PropertyValueSpecification\",\"valueRequired\":true,\"valueName\":\"search_term_string\"}}],\"inLanguage\":\"en-US\"},{\"@type\":\"Organization\",\"@id\":\"https:\\\/\\\/hre.es\\\/#organization\",\"name\":\"HRE Hidraulic, S.L.\",\"url\":\"https:\\\/\\\/hre.es\\\/\",\"logo\":{\"@type\":\"ImageObject\",\"inLanguage\":\"en-US\",\"@id\":\"https:\\\/\\\/hre.es\\\/#\\\/schema\\\/logo\\\/image\\\/\",\"url\":\"https:\\\/\\\/hre.es\\\/wp-content\\\/uploads\\\/ingenieria-a-medida-hre.jpg\",\"contentUrl\":\"https:\\\/\\\/hre.es\\\/wp-content\\\/uploads\\\/ingenieria-a-medida-hre.jpg\",\"width\":800,\"height\":800,\"caption\":\"HRE Hidraulic, S.L.\"},\"image\":{\"@id\":\"https:\\\/\\\/hre.es\\\/#\\\/schema\\\/logo\\\/image\\\/\"},\"sameAs\":[\"https:\\\/\\\/es.linkedin.com\\\/company\\\/hre-hidraulic\",\"https:\\\/\\\/www.youtube.com\\\/channel\\\/UCNooEKQlCWFGYZVu7jmll3Q\"]}]}<\/script>\n<!-- \/ Yoast SEO plugin. -->","yoast_head_json":{"title":"Energy saving solutions in hydraulic systems - HRE Automation","description":"Saving energy is very important, that is why at HRE Automation we are promoting energy saving projects in our projects.","robots":{"index":"index","follow":"follow","max-snippet":"max-snippet:-1","max-image-preview":"max-image-preview:large","max-video-preview":"max-video-preview:-1"},"canonical":"https:\/\/hre.es\/en\/engineering-solutions\/energy-saving-solutions-in-hydraulic-systems\/","og_locale":"en_US","og_type":"article","og_title":"Energy saving solutions in hydraulic systems - HRE Automation","og_description":"Saving energy is very important, that is why at HRE Automation we are promoting energy saving projects in our projects.","og_url":"https:\/\/hre.es\/en\/engineering-solutions\/energy-saving-solutions-in-hydraulic-systems\/","og_site_name":"HRE Automation \u2013 Industry & Didactics","article_modified_time":"2024-11-14T08:42:45+00:00","twitter_card":"summary_large_image","twitter_misc":{"Est. reading time":"2 minutes"},"schema":{"@context":"https:\/\/schema.org","@graph":[{"@type":"WebPage","@id":"https:\/\/hre.es\/en\/engineering-solutions\/energy-saving-solutions-in-hydraulic-systems\/","url":"https:\/\/hre.es\/en\/engineering-solutions\/energy-saving-solutions-in-hydraulic-systems\/","name":"Energy saving solutions in hydraulic systems - HRE Automation","isPartOf":{"@id":"https:\/\/hre.es\/#website"},"datePublished":"2017-02-15T18:57:56+00:00","dateModified":"2024-11-14T08:42:45+00:00","description":"Saving energy is very important, that is why at HRE Automation we are promoting energy saving projects in our projects.","breadcrumb":{"@id":"https:\/\/hre.es\/en\/engineering-solutions\/energy-saving-solutions-in-hydraulic-systems\/#breadcrumb"},"inLanguage":"en-US","potentialAction":[{"@type":"ReadAction","target":["https:\/\/hre.es\/en\/engineering-solutions\/energy-saving-solutions-in-hydraulic-systems\/"]}]},{"@type":"BreadcrumbList","@id":"https:\/\/hre.es\/en\/engineering-solutions\/energy-saving-solutions-in-hydraulic-systems\/#breadcrumb","itemListElement":[{"@type":"ListItem","position":1,"name":"Portada","item":"https:\/\/hre.es\/en\/"},{"@type":"ListItem","position":2,"name":"Engineering solutions","item":"https:\/\/hre.es\/en\/engineering-solutions\/"},{"@type":"ListItem","position":3,"name":"Energy saving solutions in hydraulic systems"}]},{"@type":"WebSite","@id":"https:\/\/hre.es\/#website","url":"https:\/\/hre.es\/","name":"HRE Automation \u2013 Industry & Didactics","description":"Integrated fluid automation solutions and didactic equipments","publisher":{"@id":"https:\/\/hre.es\/#organization"},"potentialAction":[{"@type":"SearchAction","target":{"@type":"EntryPoint","urlTemplate":"https:\/\/hre.es\/?s={search_term_string}"},"query-input":{"@type":"PropertyValueSpecification","valueRequired":true,"valueName":"search_term_string"}}],"inLanguage":"en-US"},{"@type":"Organization","@id":"https:\/\/hre.es\/#organization","name":"HRE Hidraulic, S.L.","url":"https:\/\/hre.es\/","logo":{"@type":"ImageObject","inLanguage":"en-US","@id":"https:\/\/hre.es\/#\/schema\/logo\/image\/","url":"https:\/\/hre.es\/wp-content\/uploads\/ingenieria-a-medida-hre.jpg","contentUrl":"https:\/\/hre.es\/wp-content\/uploads\/ingenieria-a-medida-hre.jpg","width":800,"height":800,"caption":"HRE Hidraulic, S.L."},"image":{"@id":"https:\/\/hre.es\/#\/schema\/logo\/image\/"},"sameAs":["https:\/\/es.linkedin.com\/company\/hre-hidraulic","https:\/\/www.youtube.com\/channel\/UCNooEKQlCWFGYZVu7jmll3Q"]}]}},"_links":{"self":[{"href":"https:\/\/hre.es\/en\/wp-json\/wp\/v2\/pages\/7147","targetHints":{"allow":["GET"]}}],"collection":[{"href":"https:\/\/hre.es\/en\/wp-json\/wp\/v2\/pages"}],"about":[{"href":"https:\/\/hre.es\/en\/wp-json\/wp\/v2\/types\/page"}],"author":[{"embeddable":true,"href":"https:\/\/hre.es\/en\/wp-json\/wp\/v2\/users\/1"}],"replies":[{"embeddable":true,"href":"https:\/\/hre.es\/en\/wp-json\/wp\/v2\/comments?post=7147"}],"version-history":[{"count":17,"href":"https:\/\/hre.es\/en\/wp-json\/wp\/v2\/pages\/7147\/revisions"}],"predecessor-version":[{"id":9985,"href":"https:\/\/hre.es\/en\/wp-json\/wp\/v2\/pages\/7147\/revisions\/9985"}],"up":[{"embeddable":true,"href":"https:\/\/hre.es\/en\/wp-json\/wp\/v2\/pages\/7593"}],"wp:attachment":[{"href":"https:\/\/hre.es\/en\/wp-json\/wp\/v2\/media?parent=7147"}],"curies":[{"name":"wp","href":"https:\/\/api.w.org\/{rel}","templated":true}]}}